{"id":3112,"date":"2026-03-31T13:55:43","date_gmt":"2026-03-31T13:55:43","guid":{"rendered":"https:\/\/viajesymas.com.es\/index.php\/producto\/b0gggpbck7_es\/"},"modified":"2026-03-31T13:55:43","modified_gmt":"2026-03-31T13:55:43","slug":"b0gggpbck7_es","status":"publish","type":"product","link":"https:\/\/viajesymas.com.es\/index.php\/producto\/b0gggpbck7_es\/","title":{"rendered":"B0GGGPBCK7_ES"},"content":{"rendered":"<p>&#8211; [Modelos compatibles] MiKoyi Correa met\u00e1lica compatible con Xiaomi Redmi Watch 6. (Nota: comprueba el modelo de tu reloj antes de comprar. Reloj inteligente no incluido)<br \/>\n&#8211; [Excelente Material para Correa] La correa est\u00e1 hecha de acero inoxidable de alta calidad. La superficie se ha pulido a mano varias veces para conseguir un acabado met\u00e1lico avanzado, cuidadosamente pulido para que el revestimiento no se desprenda f\u00e1cilmente, lo que aumenta la durabilidad y lo hace resistente a la corrosi\u00f3n, duradero, brillante y con una textura elegante.<br \/>\n&#8211; [Banda de Repuesto de Metal S\u00f3lido] Ajuste 4,92 pulgadas a 6,69 pulgadas pulgadas (12.5 cm a 17.5 cm) , no incluye tama\u00f1o de esfera. cubriendo la mayor\u00eda de las mu\u00f1ecas de hombres y mujeres. El cierre doble es muy f\u00e1cil de usar, no se romper\u00e1 ni se aflojar\u00e1 incluso durante el ejercicio o la actividad extenuante. Correa del reloj viene con orejetas de reloj en ambos extremos, f\u00e1cil y directa instalaci\u00f3n y extracci\u00f3n sin herramienta.<br \/>\n&#8211; [Amplia Aplicaci\u00f3n] Con la moda y el dise\u00f1o delicado, la correa de metal para hace que su reloj sea excepcional. Se destaca no importa en reuniones de negocios, fiestas, deportes o la vida diaria.<br \/>\n&#8211; [Servicio al Cliente] Si tiene alg\u00fan problema con el art\u00edculo que recibi\u00f3, o si tiene alguna idea, no dude en contactarnos. Encontraremos la mejor soluci\u00f3n para ti.<\/p>\n","protected":false},"excerpt":{"rendered":"<p>MiKoyi Correa Compatible con Xiaomi Redmi Watch 6, Correa Acero Inoxidable Metal Liberaci\u00f3n R\u00e1pida Pulsera de Repuesto Band para Xiaomi Redmi Watch 6, Negro y Plata<br \/>#Publicidad<\/p>\n","protected":false},"featured_media":3111,"comment_status":"open","ping_status":"closed","template":"","meta":[],"product_cat":[15],"product_tag":[],"class_list":{"0":"post-3112","1":"product","2":"type-product","3":"status-publish","4":"has-post-thumbnail","6":"product_cat-sin-categorizar","8":"first","9":"instock","10":"shipping-taxable","11":"product-type-external"},"_links":{"self":[{"href":"https:\/\/viajesymas.com.es\/index.php\/wp-json\/wp\/v2\/product\/3112","targetHints":{"allow":["GET"]}}],"collection":[{"href":"https:\/\/viajesymas.com.es\/index.php\/wp-json\/wp\/v2\/product"}],"about":[{"href":"https:\/\/viajesymas.com.es\/index.php\/wp-json\/wp\/v2\/types\/product"}],"replies":[{"embeddable":true,"href":"https:\/\/viajesymas.com.es\/index.php\/wp-json\/wp\/v2\/comments?post=3112"}],"wp:featuredmedia":[{"embeddable":true,"href":"https:\/\/viajesymas.com.es\/index.php\/wp-json\/wp\/v2\/media\/3111"}],"wp:attachment":[{"href":"https:\/\/viajesymas.com.es\/index.php\/wp-json\/wp\/v2\/media?parent=3112"}],"wp:term":[{"taxonomy":"product_cat","embeddable":true,"href":"https:\/\/viajesymas.com.es\/index.php\/wp-json\/wp\/v2\/product_cat?post=3112"},{"taxonomy":"product_tag","embeddable":true,"href":"https:\/\/viajesymas.com.es\/index.php\/wp-json\/wp\/v2\/product_tag?post=3112"}],"curies":[{"name":"wp","href":"https:\/\/api.w.org\/{rel}","templated":true}]}}