{"id":3110,"date":"2026-03-31T13:55:36","date_gmt":"2026-03-31T13:55:36","guid":{"rendered":"https:\/\/viajesymas.com.es\/index.php\/producto\/b0g5njmr4s_es\/"},"modified":"2026-03-31T13:55:36","modified_gmt":"2026-03-31T13:55:36","slug":"b0g5njmr4s_es","status":"publish","type":"product","link":"https:\/\/viajesymas.com.es\/index.php\/producto\/b0g5njmr4s_es\/","title":{"rendered":"B0G5NJMR4S_ES"},"content":{"rendered":"<p>&#8211; [Modelos compatibles] Compatible con Samsung Galaxy S26 Ultra 5G. Verifique el modelo de su tel\u00e9fono antes de comprar. Tenga en cuenta: Este producto no admite la funci\u00f3n de desbloqueo de pantalla mediante huellas dactilares!<br \/>\n&#8211; [Protecci\u00f3n de privacidad] Con una excelente protecci\u00f3n de la privacidad, solo las personas directamente frente a la pantalla del son visibles despu\u00e9s del uso, otros \u00e1ngulos de visi\u00f3n se ven afectados. Para que su informaci\u00f3n no caiga en manos de extra\u00f1os, brinda una fuerte protecci\u00f3n, de modo que incluso los amigos o colegas sentados a su lado no puedan ver su informaci\u00f3n.<br \/>\n&#8211; [Resistente a los ara\u00f1azos y a las ca\u00eddas] La dureza de 9H proteger\u00e1 su pantalla de las lesiones causadas por las ca\u00eddas y los ara\u00f1azos de las llaves, monedas y cuchillos, incluso si su tel\u00e9fono se cae, proteger\u00e1 su tel\u00e9fono hasta cierto punto.<br \/>\n&#8211; [Protectores de Lente] la cubierta de la c\u00e1mara de vidrio 9H protege eficazmente toda la lente de da\u00f1os accidentales como ca\u00eddas, rasgu\u00f1os, etc., y no es f\u00e1cil de caer. Esta c\u00e1mara y protector de pantalla funcionar\u00e1n en la mayor\u00eda de las situaciones.<br \/>\n&#8211; [Servicio perfecto] si tiene alguna pregunta antes o despu\u00e9s de la compra, no dude en contactarnos, estaremos encantados de ayudarle.<\/p>\n","protected":false},"excerpt":{"rendered":"<p>MiKoyi Anti-Esp\u00eda Protector de Pantalla Privacidad para Samsung Galaxy S26 Ultra 5G, [2+2 Piezas] Protector de Lente de C\u00e1mara y Dureza 9H Anti-Spy Vidrio Templado para Samsung Galaxy S26 Ultra 5G<br \/>#Publicidad<\/p>\n","protected":false},"featured_media":3109,"comment_status":"open","ping_status":"closed","template":"","meta":[],"product_cat":[15],"product_tag":[],"class_list":{"0":"post-3110","1":"product","2":"type-product","3":"status-publish","4":"has-post-thumbnail","6":"product_cat-sin-categorizar","8":"first","9":"instock","10":"shipping-taxable","11":"product-type-external"},"_links":{"self":[{"href":"https:\/\/viajesymas.com.es\/index.php\/wp-json\/wp\/v2\/product\/3110","targetHints":{"allow":["GET"]}}],"collection":[{"href":"https:\/\/viajesymas.com.es\/index.php\/wp-json\/wp\/v2\/product"}],"about":[{"href":"https:\/\/viajesymas.com.es\/index.php\/wp-json\/wp\/v2\/types\/product"}],"replies":[{"embeddable":true,"href":"https:\/\/viajesymas.com.es\/index.php\/wp-json\/wp\/v2\/comments?post=3110"}],"wp:featuredmedia":[{"embeddable":true,"href":"https:\/\/viajesymas.com.es\/index.php\/wp-json\/wp\/v2\/media\/3109"}],"wp:attachment":[{"href":"https:\/\/viajesymas.com.es\/index.php\/wp-json\/wp\/v2\/media?parent=3110"}],"wp:term":[{"taxonomy":"product_cat","embeddable":true,"href":"https:\/\/viajesymas.com.es\/index.php\/wp-json\/wp\/v2\/product_cat?post=3110"},{"taxonomy":"product_tag","embeddable":true,"href":"https:\/\/viajesymas.com.es\/index.php\/wp-json\/wp\/v2\/product_tag?post=3110"}],"curies":[{"name":"wp","href":"https:\/\/api.w.org\/{rel}","templated":true}]}}