{"id":3104,"date":"2026-03-31T13:55:14","date_gmt":"2026-03-31T13:55:14","guid":{"rendered":"https:\/\/viajesymas.com.es\/index.php\/producto\/b0gcmsqfrc_es\/"},"modified":"2026-03-31T13:55:14","modified_gmt":"2026-03-31T13:55:14","slug":"b0gcmsqfrc_es","status":"publish","type":"product","link":"https:\/\/viajesymas.com.es\/index.php\/producto\/b0gcmsqfrc_es\/","title":{"rendered":"B0GCMSQFRC_ES"},"content":{"rendered":"<p>&#8211; [Modello Compatibile] Mikoyi protector de C\u00e1mara para Samsung Galaxy S26 5G \/ Samsung Galaxy S26 Plus 5G (Samsung Galaxy S26+ 5G). Compruebe su modelo de tel\u00e9fono antes de comprar.<br \/>\n&#8211; [Protecci\u00f3n de lente de alta calidad] Cobertura completa y ajuste perfecto para la lente de la c\u00e1mara para proteger la lente de ara\u00f1azos o da\u00f1os. Material de vidrio templado de aleaci\u00f3n de aluminio de aviaci\u00f3n. Resistente a los rasgu\u00f1os mejorados, proteja la c\u00e1mara elevada Lente libre de todo da\u00f1o diario rasgu\u00f1os de abrasi\u00f3n y rasgu\u00f1os de cuchillos, llaves y otras sustancias duras objetos afilados.<br \/>\n&#8211; [Imagen Original Directamente] Protector de lente de c\u00e1mara dise\u00f1ado por MiKoyi con revestimiento antihuellas para mantenerlo limpio, transmisi\u00f3n de luz del 99,99 %. Actualizaci\u00f3n [Night Flash Circle] con tecnolog\u00eda AR anti-reflejo, que resuelve fundamentalmente el problema del deslumbramiento fotogr\u00e1fico. Ya sea de d\u00eda o de noche, manteniendo la calidad de imagen original del Samsung Galaxy S26\/S26 Plus, le ofrece una experiencia de v\u00eddeo y fotograf\u00eda ultra n\u00edtida.<br \/>\n&#8211; [F\u00e1cil instalaci\u00f3n] Simplemente retire la pel\u00edcula protectora de la c\u00e1mara de la placa base blanco y col\u00f3quela contra la lente y presione por un tiempo, adsorci\u00f3n autom\u00e1tica.<br \/>\n&#8211; [Servicio perfecto] En caso de problemas de calidad con el producto adquirido, p\u00f3ngase en contacto con nosotros y le proporcionaremos un servicio satisfactorio.<\/p>\n","protected":false},"excerpt":{"rendered":"<p>MiKoyi Protector Lente C\u00e1mara Compatible con Samsung Galaxy S26\/S26+ 5G, C\u00e1mara Protector Pantalla Cristal Templado Anti-Ara\u00f1azos Aleaci\u00f3n Alumio Protector Samsung Galaxy S26 Plus\/S26, Naranja<br \/>#Publicidad<\/p>\n","protected":false},"featured_media":3103,"comment_status":"open","ping_status":"closed","template":"","meta":[],"product_cat":[15],"product_tag":[],"class_list":{"0":"post-3104","1":"product","2":"type-product","3":"status-publish","4":"has-post-thumbnail","6":"product_cat-sin-categorizar","8":"first","9":"instock","10":"shipping-taxable","11":"product-type-external"},"_links":{"self":[{"href":"https:\/\/viajesymas.com.es\/index.php\/wp-json\/wp\/v2\/product\/3104","targetHints":{"allow":["GET"]}}],"collection":[{"href":"https:\/\/viajesymas.com.es\/index.php\/wp-json\/wp\/v2\/product"}],"about":[{"href":"https:\/\/viajesymas.com.es\/index.php\/wp-json\/wp\/v2\/types\/product"}],"replies":[{"embeddable":true,"href":"https:\/\/viajesymas.com.es\/index.php\/wp-json\/wp\/v2\/comments?post=3104"}],"wp:featuredmedia":[{"embeddable":true,"href":"https:\/\/viajesymas.com.es\/index.php\/wp-json\/wp\/v2\/media\/3103"}],"wp:attachment":[{"href":"https:\/\/viajesymas.com.es\/index.php\/wp-json\/wp\/v2\/media?parent=3104"}],"wp:term":[{"taxonomy":"product_cat","embeddable":true,"href":"https:\/\/viajesymas.com.es\/index.php\/wp-json\/wp\/v2\/product_cat?post=3104"},{"taxonomy":"product_tag","embeddable":true,"href":"https:\/\/viajesymas.com.es\/index.php\/wp-json\/wp\/v2\/product_tag?post=3104"}],"curies":[{"name":"wp","href":"https:\/\/api.w.org\/{rel}","templated":true}]}}