{"id":3084,"date":"2026-03-31T13:53:54","date_gmt":"2026-03-31T13:53:54","guid":{"rendered":"https:\/\/viajesymas.com.es\/index.php\/producto\/b0gjrjdmy3_es\/"},"modified":"2026-03-31T13:53:54","modified_gmt":"2026-03-31T13:53:54","slug":"b0gjrjdmy3_es","status":"publish","type":"product","link":"https:\/\/viajesymas.com.es\/index.php\/producto\/b0gjrjdmy3_es\/","title":{"rendered":"B0GJRJDMY3_ES"},"content":{"rendered":"<p>&#8211; Modelos compatibles: la pel\u00edcula protectora de vidrio templado de privacidad solo es compatible con iPad Pro 13 Pulgadas 2025 (M5), iPad Pro 13 Pulgadas 2024 (M4). Comprueba tu modelo de iPad cuidadosamente antes de comprar.<br \/>\n&#8211; Privacidad de 180\u00b0: el protector de pantalla puede proporcionar una barrera de privacidad de 180\u00b0 para evitar que las personas cercanas miren tu informaci\u00f3n, y proteger de manera m\u00e1s eficaz la privacidad personal y la informaci\u00f3n sensible. Te permite sentirte m\u00e1s a gusto cuando usas el iPad en p\u00fablico.<br \/>\n&#8211; Cristal templado: el protector de pantalla de privacidad adopta vidrio templado de alta dureza 9H con funci\u00f3n antiara\u00f1azos en la superficie, que puede proteger perfectamente la pantalla del desgaste diario, ca\u00eddas menores o accidentales.<br \/>\n&#8211; Textura suave: la superficie mate perfecta tiene un tacto sedoso, resiste m\u00e1gicamente la suciedad, el sudor y las molestas huellas dactilares, por lo que no tienes que preocuparte de que la superficie mate sea demasiado \u00e1spera para causar da\u00f1os a tu l\u00e1piz Apple.<br \/>\n&#8211; Antideslumbrante: el vidrio templado con acabado mate utiliza la misma tecnolog\u00eda que la pantalla mate de lector electr\u00f3nico, sin reflejos de pantalla, incluso con luz solar brillante, sin deslumbramiento, f\u00e1cil lectura al aire libre o bajo la luz.<\/p>\n","protected":false},"excerpt":{"rendered":"<p>MiKoyi Protector Pantalla de Privacidad para iPad Pro 13 Pulgadas M5 2025\/M4 2024, Antiesp\u00eda, Dureza 9H, Antiluz Azul, Pel\u00edcula de Vidrio Templado para iPad Air 13&#8243; (Modelo 2025\/2024, 8.\u00aa\/7.\u00aa)<br \/>#Publicidad<\/p>\n","protected":false},"featured_media":3083,"comment_status":"open","ping_status":"closed","template":"","meta":[],"product_cat":[15],"product_tag":[],"class_list":{"0":"post-3084","1":"product","2":"type-product","3":"status-publish","4":"has-post-thumbnail","6":"product_cat-sin-categorizar","8":"first","9":"instock","10":"shipping-taxable","11":"product-type-external"},"_links":{"self":[{"href":"https:\/\/viajesymas.com.es\/index.php\/wp-json\/wp\/v2\/product\/3084","targetHints":{"allow":["GET"]}}],"collection":[{"href":"https:\/\/viajesymas.com.es\/index.php\/wp-json\/wp\/v2\/product"}],"about":[{"href":"https:\/\/viajesymas.com.es\/index.php\/wp-json\/wp\/v2\/types\/product"}],"replies":[{"embeddable":true,"href":"https:\/\/viajesymas.com.es\/index.php\/wp-json\/wp\/v2\/comments?post=3084"}],"wp:featuredmedia":[{"embeddable":true,"href":"https:\/\/viajesymas.com.es\/index.php\/wp-json\/wp\/v2\/media\/3083"}],"wp:attachment":[{"href":"https:\/\/viajesymas.com.es\/index.php\/wp-json\/wp\/v2\/media?parent=3084"}],"wp:term":[{"taxonomy":"product_cat","embeddable":true,"href":"https:\/\/viajesymas.com.es\/index.php\/wp-json\/wp\/v2\/product_cat?post=3084"},{"taxonomy":"product_tag","embeddable":true,"href":"https:\/\/viajesymas.com.es\/index.php\/wp-json\/wp\/v2\/product_tag?post=3084"}],"curies":[{"name":"wp","href":"https:\/\/api.w.org\/{rel}","templated":true}]}}