{"id":3080,"date":"2026-03-31T13:53:33","date_gmt":"2026-03-31T13:53:33","guid":{"rendered":"https:\/\/viajesymas.com.es\/index.php\/producto\/b0dmv8jxbd_es\/"},"modified":"2026-03-31T13:53:33","modified_gmt":"2026-03-31T13:53:33","slug":"b0dmv8jxbd_es","status":"publish","type":"product","link":"https:\/\/viajesymas.com.es\/index.php\/producto\/b0dmv8jxbd_es\/","title":{"rendered":"B0DMV8JXBD_ES"},"content":{"rendered":"<p>&#8211; [Modelos compatibles] Compatible con Samsung Galaxy S25 Ultra 5G. Verifique el modelo de su tel\u00e9fono antes de comprar. Contenidos del paquete: Protector de Pantalla Privacidad X 2, Protector de Lente de C\u00e1mara X 2, Kit de instalacion X 2, Tarjeta de rascar X 1, Manual X 1. ((Tenga en cuenta: Este producto no admite el desbloqueo de pantalla mediante huellas dactilares! )<br \/>\n&#8211; [Protecci\u00f3n de privacidad] El protector de pantalla de privacidad est\u00e1 dise\u00f1ado para Samsung Galaxy S25 Ultra 5G, la pantalla solo es visible para personas que frente a la pantalla, tiene un mejor rendimiento anti-esp\u00eda, mantiene su informaci\u00f3n privada oculta a extra\u00f1os. Una buena opci\u00f3n cuando est\u00e1 en el autob\u00fas, ascensor, metro u otras ocasiones p\u00fablicas.<br \/>\n&#8211; [Pel\u00edcula Protectora de TPU] La pel\u00edcula ultraplana no afecta a la respuesta t\u00e1ctil. El avanzado adhesivo nano y la funci\u00f3n de cobertura completa del adhesivo permiten una excelente sensibilidad t\u00e1ctil e interacci\u00f3n con el sensor ultras\u00f3nico.<br \/>\n&#8211; [Pel\u00edcula Protectora de Sedoso] Protector de pantalla de cristal con propiedades antiara\u00f1azos, antihuellas, impermeable, resistente al aceite y otras caracter\u00edsticas. El revestimiento hidrof\u00f3bico y oleof\u00f3bico de la pantalla puede separar f\u00e1cilmente el aceite, el agua, las huellas dactilares y otras manchas, si la superficie est\u00e1 accidentalmente sucia, la superficie ole\u00f3foba lisa es m\u00e1s f\u00e1cil de limpiar. Sin manchas, m\u00e1s suave como la seda.<br \/>\n&#8211; [Protector de Lente de C\u00e1mara Transparente HD] La transmisi\u00f3n de luz alcanza el 99,99%, lo que no afecta la aplicaci\u00f3n del flash. Aseg\u00farate de que cada foto que tomes con la c\u00e1mara de tu tel\u00e9fono refleje los colores m\u00e1s pr\u00edstinos, sin interferir con las peque\u00f1as cosas que has grabado en tu vida. Hecha de vidrio templado de dureza 9H. Cubre completamente la lente de la c\u00e1mara y ofrece una protecci\u00f3n integral contra rasgu\u00f1os y abrasiones.<\/p>\n","protected":false},"excerpt":{"rendered":"<p>MiKoyi Anti-Esp\u00eda Protector de Pantalla Compatible con Samsung Galaxy S25 Ultra 5G, [2+2 Piezas] Protector de Lente de C\u00e1mara y TPU Privacidad Pel\u00edcula Protectora para Samsung Galaxy S25 Ultra<br \/>#Publicidad<\/p>\n","protected":false},"featured_media":3079,"comment_status":"open","ping_status":"closed","template":"","meta":[],"product_cat":[15],"product_tag":[],"class_list":{"0":"post-3080","1":"product","2":"type-product","3":"status-publish","4":"has-post-thumbnail","6":"product_cat-sin-categorizar","8":"first","9":"instock","10":"shipping-taxable","11":"product-type-external"},"_links":{"self":[{"href":"https:\/\/viajesymas.com.es\/index.php\/wp-json\/wp\/v2\/product\/3080","targetHints":{"allow":["GET"]}}],"collection":[{"href":"https:\/\/viajesymas.com.es\/index.php\/wp-json\/wp\/v2\/product"}],"about":[{"href":"https:\/\/viajesymas.com.es\/index.php\/wp-json\/wp\/v2\/types\/product"}],"replies":[{"embeddable":true,"href":"https:\/\/viajesymas.com.es\/index.php\/wp-json\/wp\/v2\/comments?post=3080"}],"wp:featuredmedia":[{"embeddable":true,"href":"https:\/\/viajesymas.com.es\/index.php\/wp-json\/wp\/v2\/media\/3079"}],"wp:attachment":[{"href":"https:\/\/viajesymas.com.es\/index.php\/wp-json\/wp\/v2\/media?parent=3080"}],"wp:term":[{"taxonomy":"product_cat","embeddable":true,"href":"https:\/\/viajesymas.com.es\/index.php\/wp-json\/wp\/v2\/product_cat?post=3080"},{"taxonomy":"product_tag","embeddable":true,"href":"https:\/\/viajesymas.com.es\/index.php\/wp-json\/wp\/v2\/product_tag?post=3080"}],"curies":[{"name":"wp","href":"https:\/\/api.w.org\/{rel}","templated":true}]}}