{"id":308,"date":"2025-01-04T19:53:08","date_gmt":"2025-01-04T19:53:08","guid":{"rendered":"https:\/\/viajesymas.com.es\/index.php\/producto\/b0dfgqdfwt\/"},"modified":"2025-01-04T19:53:08","modified_gmt":"2025-01-04T19:53:08","slug":"b0dfgqdfwt","status":"publish","type":"product","link":"https:\/\/viajesymas.com.es\/index.php\/producto\/b0dfgqdfwt\/","title":{"rendered":"B0DFGQDFWT"},"content":{"rendered":"<p>&#8211; \u3010Camara Digital Full HD 4K y 48 MP con Tarjeta de 32 GB\u30112024 La \u00faltima c\u00e1mara digital tiene una resoluci\u00f3n de v\u00eddeo FHD de 4K y una resoluci\u00f3n de imagen de 48MP, con un micr\u00f3fono incorporado y altavoz (grabaci\u00f3n de v\u00eddeo de sonido) para ayudarle a tomar fotos o videos maravillosos. La c\u00e1mara digital soporta tarjeta de memoria de 4GB a 256GB.(Incluye 2 bater\u00edas, 1 tarjeta SD de 32GB,no necesita comprar por separado)<br \/>\n&#8211; \u3010Funci\u00f3n de Autoenfoque y C\u00e1maras Duales Delantera y Trasera\u3011Pulse el disparador hasta la mitad para enfocar y obtener im\u00e1genes vivas y n\u00edtidas.La tecnolog\u00eda CMOS mejorada garantiza detalles precisos, capture momentos v\u00edvidos para conservar sus experiencias memorables.El dise\u00f1o de doble c\u00e1mara facilita su creatividad. Cambia a la c\u00e1mara frontal para hacerte selfies f\u00e1cilmente con un solo clic y utiliza la c\u00e1mara trasera para v\u00eddeos creativos, desbloqueando f\u00e1cilmente varias habilidades de disparo.<br \/>\n&#8211; \u3010Pantalla IPS de 2,8\u00bb y Camara Compacta Port\u00e1til\u3011La peque\u00f1a camara de fotos de viaje es tan compacta que puede guardarla f\u00e1cilmente en el bolsillo y llevarla a cualquier parte. La peque\u00f1a c\u00e1mara digital con pantalla IPS de 2,8 pulgadas est\u00e1 equipada con dos bater\u00edas de gran capacidad de 700mAh con mayor duraci\u00f3n, lo que le permite sustituir las bater\u00edas en cualquier momento para seguir disparando. Esta c\u00e1mara digital es m\u00e1s ligera y peque\u00f1a que un smartphone, puedes colgarte la c\u00e1mara en la mano o meterla en el bolsillo, llevarla contigo y grabar tu colorida vida en cualquier momento.<br \/>\n&#8211; \u3010Zoom Digital 16X y Camara de Fotos Digital Multifunci\u00f3n\u3011Esta Camara de Fotos para Vlogging Admite Zoom Digital 16X.Puedes pulsar el bot\u00f3n W\/T para acercar o alejar el sujeto, obtener una imagen de alta calidad, y funciones adicionales como temporizador (3S\/5S\/10S), disparo continuo de 3 fotos, luz de flash, funci\u00f3n Anti-shake, etc., es una gran c\u00e1mara compacta para uso de principiantes.<br \/>\n&#8211; \u3010C\u00e1mara Web y Postventa Perfectos\u3011TEBNGIHNM c\u00e1mara de viaje port\u00e1til conectarse a PC y trabajar como c\u00e1mara web para videollamadas y streaming en vivo.configuraci\u00f3n simple es f\u00e1cil de operar y controlar, por lo que es una gran camara de fotos para ni\u00f1os, adolescentes, amigos, miembros de la familia, los principiantes. Ofrecemos 24 horas de servicio post-venta, si tiene alg\u00fan problema, p\u00f3ngase en contacto con nosotros.<\/p>\n","protected":false},"excerpt":{"rendered":"<p>C\u00e1mara Digital,4K Autofocus C\u00e1mara Compacta Port\u00e1til con Tarjeta SD 32G y C\u00e1mara Dual,HD 48MP con Pantalla Grande de 2.8 Pulgadas, 16X Zoom Digital Camara de Fotos para Principiantes-Negro<br \/>\n<br \/>\n#Publicidad<\/p>\n","protected":false},"featured_media":307,"comment_status":"open","ping_status":"closed","template":"","meta":[],"product_cat":[15],"product_tag":[],"class_list":{"0":"post-308","1":"product","2":"type-product","3":"status-publish","4":"has-post-thumbnail","6":"product_cat-sin-categorizar","8":"first","9":"instock","10":"shipping-taxable","11":"product-type-external"},"_links":{"self":[{"href":"https:\/\/viajesymas.com.es\/index.php\/wp-json\/wp\/v2\/product\/308","targetHints":{"allow":["GET"]}}],"collection":[{"href":"https:\/\/viajesymas.com.es\/index.php\/wp-json\/wp\/v2\/product"}],"about":[{"href":"https:\/\/viajesymas.com.es\/index.php\/wp-json\/wp\/v2\/types\/product"}],"replies":[{"embeddable":true,"href":"https:\/\/viajesymas.com.es\/index.php\/wp-json\/wp\/v2\/comments?post=308"}],"wp:featuredmedia":[{"embeddable":true,"href":"https:\/\/viajesymas.com.es\/index.php\/wp-json\/wp\/v2\/media\/307"}],"wp:attachment":[{"href":"https:\/\/viajesymas.com.es\/index.php\/wp-json\/wp\/v2\/media?parent=308"}],"wp:term":[{"taxonomy":"product_cat","embeddable":true,"href":"https:\/\/viajesymas.com.es\/index.php\/wp-json\/wp\/v2\/product_cat?post=308"},{"taxonomy":"product_tag","embeddable":true,"href":"https:\/\/viajesymas.com.es\/index.php\/wp-json\/wp\/v2\/product_tag?post=308"}],"curies":[{"name":"wp","href":"https:\/\/api.w.org\/{rel}","templated":true}]}}