{"id":306,"date":"2025-01-04T16:00:49","date_gmt":"2025-01-04T16:00:49","guid":{"rendered":"https:\/\/viajesymas.com.es\/index.php\/producto\/b07jbsbw2s\/"},"modified":"2025-01-04T16:00:49","modified_gmt":"2025-01-04T16:00:49","slug":"b07jbsbw2s","status":"publish","type":"product","link":"https:\/\/viajesymas.com.es\/index.php\/producto\/b07jbsbw2s\/","title":{"rendered":"B07JBSBW2S"},"content":{"rendered":"<p>&#8211; Dimensiones : D. 52 x P. 5,3 cm Espejo: D. 50 cm<br \/>\n&#8211; Material del marco : Paulonia<br \/>\n&#8211; Peso : 2,1 kg<br \/>\n&#8211; 2 a\u00f1os de garant\u00eda : s\u00ed<\/p>\n","protected":false},"excerpt":{"rendered":"<p>ATMOSPHERA CREATEUR D&#8217;INTERIEUR Espejo Redondo Color Natural DIAM.50 CM, Multicolor, L. 52 x l. 5 x H. 52 cm<br \/>\n<br \/>\n#Publicidad<\/p>\n","protected":false},"featured_media":305,"comment_status":"open","ping_status":"closed","template":"","meta":[],"product_cat":[15],"product_tag":[],"class_list":{"0":"post-306","1":"product","2":"type-product","3":"status-publish","4":"has-post-thumbnail","6":"product_cat-sin-categorizar","8":"first","9":"instock","10":"shipping-taxable","11":"product-type-external"},"_links":{"self":[{"href":"https:\/\/viajesymas.com.es\/index.php\/wp-json\/wp\/v2\/product\/306","targetHints":{"allow":["GET"]}}],"collection":[{"href":"https:\/\/viajesymas.com.es\/index.php\/wp-json\/wp\/v2\/product"}],"about":[{"href":"https:\/\/viajesymas.com.es\/index.php\/wp-json\/wp\/v2\/types\/product"}],"replies":[{"embeddable":true,"href":"https:\/\/viajesymas.com.es\/index.php\/wp-json\/wp\/v2\/comments?post=306"}],"wp:featuredmedia":[{"embeddable":true,"href":"https:\/\/viajesymas.com.es\/index.php\/wp-json\/wp\/v2\/media\/305"}],"wp:attachment":[{"href":"https:\/\/viajesymas.com.es\/index.php\/wp-json\/wp\/v2\/media?parent=306"}],"wp:term":[{"taxonomy":"product_cat","embeddable":true,"href":"https:\/\/viajesymas.com.es\/index.php\/wp-json\/wp\/v2\/product_cat?post=306"},{"taxonomy":"product_tag","embeddable":true,"href":"https:\/\/viajesymas.com.es\/index.php\/wp-json\/wp\/v2\/product_tag?post=306"}],"curies":[{"name":"wp","href":"https:\/\/api.w.org\/{rel}","templated":true}]}}