{"id":3052,"date":"2026-03-31T13:50:14","date_gmt":"2026-03-31T13:50:14","guid":{"rendered":"https:\/\/viajesymas.com.es\/index.php\/producto\/b0fs6lwbbl_es\/"},"modified":"2026-03-31T13:50:14","modified_gmt":"2026-03-31T13:50:14","slug":"b0fs6lwbbl_es","status":"publish","type":"product","link":"https:\/\/viajesymas.com.es\/index.php\/producto\/b0fs6lwbbl_es\/","title":{"rendered":"B0FS6LWBBL_ES"},"content":{"rendered":"<p>&#8211; [Modelos compatibles] Compatible con Motorola Edge 60 Neo 5G. Verifique el modelo de su tel\u00e9fono antes de comprar. \uff08Tenga en cuenta\uff1aNo admite el desbloqueo de pantalla con huellas dactilares! )<br \/>\n&#8211; [Protecci\u00f3n de privacidad] Con una excelente protecci\u00f3n de la privacidad, solo las personas directamente frente a la pantalla del son visibles despu\u00e9s del uso, otros \u00e1ngulos de visi\u00f3n se ven afectados. Para que su informaci\u00f3n no caiga en manos de extra\u00f1os, brinda una fuerte protecci\u00f3n, de modo que incluso los amigos o colegas sentados a su lado no puedan ver su informaci\u00f3n.<br \/>\n&#8211; [Resistente a los ara\u00f1azos y a las ca\u00eddas] La dureza de 9H proteger\u00e1 su pantalla de las lesiones causadas por las ca\u00eddas y los ara\u00f1azos de las llaves, monedas y cuchillos, incluso si su tel\u00e9fono se cae, proteger\u00e1 su tel\u00e9fono hasta cierto punto.<br \/>\n&#8211; [Pel\u00edcula Protectora] Protector de pantalla de cristal con propiedades antiara\u00f1azos, antihuellas, impermeable, resistente al aceite y otras caracter\u00edsticas. El revestimiento hidrof\u00f3bico y oleof\u00f3bico de la pantalla puede separar f\u00e1cilmente el aceite, el agua, las huellas dactilares y otras manchas, si la superficie est\u00e1 accidentalmente sucia, la superficie ole\u00f3foba lisa es m\u00e1s f\u00e1cil de limpiar.<br \/>\n&#8211; [Servicio] si tiene alguna pregunta antes o despu\u00e9s de la compra, no dude en contactarnos, estaremos encantados de ayudarle.<\/p>\n","protected":false},"excerpt":{"rendered":"<p>MiKoyi Anti-Esp\u00eda Protector de Pantalla Privacidad Compatible con Motorola Edge 60 Neo 5G, [2 Piezas] Cristal Templado Dureza 9H Anti-Spy Vidrio Templado para Motorola Edge 60 Neo 5G<br \/>#Publicidad<\/p>\n","protected":false},"featured_media":3051,"comment_status":"open","ping_status":"closed","template":"","meta":[],"product_cat":[15],"product_tag":[],"class_list":{"0":"post-3052","1":"product","2":"type-product","3":"status-publish","4":"has-post-thumbnail","6":"product_cat-sin-categorizar","8":"first","9":"instock","10":"shipping-taxable","11":"product-type-external"},"_links":{"self":[{"href":"https:\/\/viajesymas.com.es\/index.php\/wp-json\/wp\/v2\/product\/3052","targetHints":{"allow":["GET"]}}],"collection":[{"href":"https:\/\/viajesymas.com.es\/index.php\/wp-json\/wp\/v2\/product"}],"about":[{"href":"https:\/\/viajesymas.com.es\/index.php\/wp-json\/wp\/v2\/types\/product"}],"replies":[{"embeddable":true,"href":"https:\/\/viajesymas.com.es\/index.php\/wp-json\/wp\/v2\/comments?post=3052"}],"wp:featuredmedia":[{"embeddable":true,"href":"https:\/\/viajesymas.com.es\/index.php\/wp-json\/wp\/v2\/media\/3051"}],"wp:attachment":[{"href":"https:\/\/viajesymas.com.es\/index.php\/wp-json\/wp\/v2\/media?parent=3052"}],"wp:term":[{"taxonomy":"product_cat","embeddable":true,"href":"https:\/\/viajesymas.com.es\/index.php\/wp-json\/wp\/v2\/product_cat?post=3052"},{"taxonomy":"product_tag","embeddable":true,"href":"https:\/\/viajesymas.com.es\/index.php\/wp-json\/wp\/v2\/product_tag?post=3052"}],"curies":[{"name":"wp","href":"https:\/\/api.w.org\/{rel}","templated":true}]}}