{"id":292,"date":"2025-01-02T16:07:04","date_gmt":"2025-01-02T16:07:04","guid":{"rendered":"https:\/\/viajesymas.com.es\/index.php\/producto\/b0dqnjmx9s\/"},"modified":"2025-01-02T16:07:04","modified_gmt":"2025-01-02T16:07:04","slug":"b0dqnjmx9s","status":"publish","type":"product","link":"https:\/\/viajesymas.com.es\/index.php\/producto\/b0dqnjmx9s\/","title":{"rendered":"B0DQNJMX9S"},"content":{"rendered":"<p>&#8211; \ud83d\udc2d\u3010Dise\u00f1o resistente al agua y duradero\u3011: Hecho de ABS duradero y materiales de aluminio, resistente a la corrosi\u00f3n, seguro y libre de qu\u00edmicos, IP66 a prueba de agua, sin miedo a la lluvia. Sin radiaci\u00f3n, productos qu\u00edmicos ni olores, seguro para los humanos y nuestras mascotas. El recinto verde se puede ocultar f\u00e1cilmente o utilizar como decoraci\u00f3n de jard\u00edn.<br \/>\n&#8211; \ud83d\udc2d\u3010F\u00e1cil de instalar\u3011: Debemos instalar el dispositivo en la direcci\u00f3n de donde vienen los animales y evitar que el ahuyentador se inunde u oscurezca por objetos. La frecuencia correcta depende de diferentes animales. Recuerde para cargar completamente el dispositivo antes del primer uso o despu\u00e9s de un uso prolongado.<br \/>\n&#8211; \ud83d\udc2d\u3010Cobertura extensa\u3011Funciona en un patr\u00f3n circular, aproximadamente 15 metros de radio y cubre hasta 650 metros cuadrados. Simplemente elija una ubicaci\u00f3n \u00f3ptima para la exposici\u00f3n al sol para que los paneles solares puedan recibir la luz lo m\u00e1s directamente posible, y luego encienda el interruptor de encendido\/apagado. Repeler\u00e1 con eficacia serpientes, topos, tuzas, roedores, ratas, campa\u00f1oles que se esconden en c\u00e9spedes, jardines y patios.<br \/>\n&#8211; \ud83d\udc2d\u3010Repelente de vibraciones ultras\u00f3nicas\u3011Ahuyentador Ultrasonidos emite pulsos s\u00f3nicos cada 20 segundos, que penetran en el suelo y obligan a las plagas a evacuar el \u00e1rea cubierta por el sonido. Las ondas ultras\u00f3nicas los irritan, simulando peligro y repeli\u00e9ndolos del \u00e1rea irradiada.<br \/>\n&#8211; \ud83d\udc2d\u3010Respetuoso con el medio ambiente y seguro\u3011 Los roedores excavadores son pr\u00e1cticamente ciegos, pero extremadamente sensibles al sonido y la vibraci\u00f3n. Nuestro repelente de topos s\u00f3nico emite pulsos de sonido y ondas ultras\u00f3nicas sin el uso de productos qu\u00edmicos nocivos o t\u00f3xicos, lo que es 100% seguro para ni\u00f1os, mascotas y personas. No contaminar\u00e1 su jard\u00edn y plantas de granja, o cultivos.<\/p>\n","protected":false},"excerpt":{"rendered":"<p>Repelente de Topos solares, ahuyentador de Topos (4 Unidades, para ahuyentar a los Ratones de campe\u00f3n, ahuyentador de Topos ultras\u00f3nicos para ahuyentar a los Ratones de campe\u00f3n<br \/>\n<br \/>\n#Publicidad<\/p>\n","protected":false},"featured_media":291,"comment_status":"open","ping_status":"closed","template":"","meta":[],"product_cat":[15],"product_tag":[],"class_list":{"0":"post-292","1":"product","2":"type-product","3":"status-publish","4":"has-post-thumbnail","6":"product_cat-sin-categorizar","8":"first","9":"instock","10":"shipping-taxable","11":"product-type-external"},"_links":{"self":[{"href":"https:\/\/viajesymas.com.es\/index.php\/wp-json\/wp\/v2\/product\/292","targetHints":{"allow":["GET"]}}],"collection":[{"href":"https:\/\/viajesymas.com.es\/index.php\/wp-json\/wp\/v2\/product"}],"about":[{"href":"https:\/\/viajesymas.com.es\/index.php\/wp-json\/wp\/v2\/types\/product"}],"replies":[{"embeddable":true,"href":"https:\/\/viajesymas.com.es\/index.php\/wp-json\/wp\/v2\/comments?post=292"}],"wp:featuredmedia":[{"embeddable":true,"href":"https:\/\/viajesymas.com.es\/index.php\/wp-json\/wp\/v2\/media\/291"}],"wp:attachment":[{"href":"https:\/\/viajesymas.com.es\/index.php\/wp-json\/wp\/v2\/media?parent=292"}],"wp:term":[{"taxonomy":"product_cat","embeddable":true,"href":"https:\/\/viajesymas.com.es\/index.php\/wp-json\/wp\/v2\/product_cat?post=292"},{"taxonomy":"product_tag","embeddable":true,"href":"https:\/\/viajesymas.com.es\/index.php\/wp-json\/wp\/v2\/product_tag?post=292"}],"curies":[{"name":"wp","href":"https:\/\/api.w.org\/{rel}","templated":true}]}}