{"id":290,"date":"2025-01-02T16:00:47","date_gmt":"2025-01-02T16:00:47","guid":{"rendered":"https:\/\/viajesymas.com.es\/index.php\/producto\/b0cr333s8w\/"},"modified":"2025-01-02T16:00:47","modified_gmt":"2025-01-02T16:00:47","slug":"b0cr333s8w","status":"publish","type":"product","link":"https:\/\/viajesymas.com.es\/index.php\/producto\/b0cr333s8w\/","title":{"rendered":"B0CR333S8W"},"content":{"rendered":"<p>&#8211; CONFORT REVOLUCIONARIO: Transforma cualquier silla con cojin lumbar silla oficina en un oasis de comodidad. Nuestro cojin lumbar coche | cojin antiescaras y de coxis con espuma viscoelastico de alta densidad te ofrece un asiento superior.<br \/>\n&#8211; ALIVIO Y SOPORTE: Para alivio del dolor lumbar y de coxis. Este cojin lumbar silla oficina mejora tu postura, y tambi\u00e9n reduce la presi\u00f3n en \u00e1reas cr\u00edticas, podr\u00e1s usarlo como cojin silla oficina | cojines para sillas gaming | durante horas sin molestias<br \/>\n&#8211; VERSATILIDAD SIN IGUAL: Ideal para todo escenario: oficina, coche, o en casa. Su dise\u00f1o adaptable es perfecto para cualquier coj\u00edn lumbar silla oficina o respaldo , comodidad donde sea, convierte cualquier asiento en el mejor respaldo lumbar para silla<br \/>\n&#8211; DURABILIDAD Y MANTENIMIENTO: Con nuestros materiales premium para el cojin gamer de Gel | cojines antiescaras | cojin silla oficina est\u00e1 dise\u00f1ado para durar. Con fundas extra\u00edbles y f\u00e1cil de lavar. Invierte en comodidad duradera. A\u00d1ADIR AL CARRITO AHORA.<br \/>\n&#8211; CONFORT PERSONALIZADO: Descubre el confort hecho a tu medida. Nuestro cojin lumbar silla oficina y antiescaras se adapta a tu anatom\u00eda \u00fanica, proporciona un soporte y confort personalizado. Ideal para postoperatorio, embarazo, hemoreoides, cojines para coche<\/p>\n","protected":false},"excerpt":{"rendered":"<p>FORTTRESS | coj\u00edn Lumbar | cojin Lumbar viscoelastico con Gel | coj\u00edn Lumbar para Silla | Cojines Silla de Ruedas | cojin Lumbar Silla Oficina | Cojines antiescaras | cojin Lumbar Silla Gaming<br \/>\n<br \/>\n#Publicidad<\/p>\n","protected":false},"featured_media":289,"comment_status":"open","ping_status":"closed","template":"","meta":[],"product_cat":[15],"product_tag":[],"class_list":{"0":"post-290","1":"product","2":"type-product","3":"status-publish","4":"has-post-thumbnail","6":"product_cat-sin-categorizar","8":"first","9":"instock","10":"shipping-taxable","11":"product-type-external"},"_links":{"self":[{"href":"https:\/\/viajesymas.com.es\/index.php\/wp-json\/wp\/v2\/product\/290","targetHints":{"allow":["GET"]}}],"collection":[{"href":"https:\/\/viajesymas.com.es\/index.php\/wp-json\/wp\/v2\/product"}],"about":[{"href":"https:\/\/viajesymas.com.es\/index.php\/wp-json\/wp\/v2\/types\/product"}],"replies":[{"embeddable":true,"href":"https:\/\/viajesymas.com.es\/index.php\/wp-json\/wp\/v2\/comments?post=290"}],"wp:featuredmedia":[{"embeddable":true,"href":"https:\/\/viajesymas.com.es\/index.php\/wp-json\/wp\/v2\/media\/289"}],"wp:attachment":[{"href":"https:\/\/viajesymas.com.es\/index.php\/wp-json\/wp\/v2\/media?parent=290"}],"wp:term":[{"taxonomy":"product_cat","embeddable":true,"href":"https:\/\/viajesymas.com.es\/index.php\/wp-json\/wp\/v2\/product_cat?post=290"},{"taxonomy":"product_tag","embeddable":true,"href":"https:\/\/viajesymas.com.es\/index.php\/wp-json\/wp\/v2\/product_tag?post=290"}],"curies":[{"name":"wp","href":"https:\/\/api.w.org\/{rel}","templated":true}]}}