{"id":274,"date":"2024-12-30T18:08:20","date_gmt":"2024-12-30T18:08:20","guid":{"rendered":"https:\/\/viajesymas.com.es\/index.php\/producto\/b0dlkjdrq7\/"},"modified":"2024-12-30T18:08:20","modified_gmt":"2024-12-30T18:08:20","slug":"b0dlkjdrq7","status":"publish","type":"product","link":"https:\/\/viajesymas.com.es\/index.php\/producto\/b0dlkjdrq7\/","title":{"rendered":"B0DLKJDRQ7"},"content":{"rendered":"<p>&#8211; \u3010Latest 64MP 4K HD Digital Camera\u3011La \u00faltima c\u00e1mara digital 4K se ha actualizado a un sensor CMOS de 13MP, la c\u00e1mara digital introduce la \u00faltima funci\u00f3n de grabaci\u00f3n 4K, que es capaz de capturar im\u00e1genes de 64MP y v\u00eddeos HD 4K, present\u00e1ndole una calidad de imagen detallada y clara. La c\u00e1mara es compatible con anti-vibraci\u00f3n, zoom digital 16x y enfoque autom\u00e1tico para satisfacer sus necesidades diarias de disparo.<br \/>\n&#8211; \u3010Advanced Dual Lens Camera\u3011Cambie entre las c\u00e1maras frontal y trasera con un solo bot\u00f3n, f\u00e1cil de tomar selfies y videos, la c\u00e1mara digital tiene una pantalla IPS HD de 2,8 pulgadas, 20 efectos de filtro creativos, compacto y port\u00e1til con un peso de solo 285 gramos, equipado con dos juegos de bater\u00edas reemplazables, por lo que nunca tendr\u00e1 que preocuparse por quedarse sin energ\u00eda al tomar fotos o videos. El dise\u00f1o compacto hace que sea f\u00e1cil llevar la c\u00e1mara en el bolsillo.<br \/>\n&#8211; \u301016X zoom digital&amp;Autofocus&amp;A pop-up flash\u3011La c\u00e1mara digital est\u00e1 equipada con un zoom digital de 16X, que le permite acercar paisajes lejanos y capturar y grabar los momentos m\u00e1s emocionantes y memorables. El flash LED incorporado se puede utilizar en entornos m\u00e1s oscuros para que pueda tomar fotos y videos claros en cualquier situaci\u00f3n.<br \/>\n&#8211; \u3010Vlogging Camera &amp; Webcam\u3011Vlogging camera puede grabar f\u00e1cilmente la vida diaria, reuniones con amigos y escenas de viajes. Si la conecta a su ordenador mediante USB y la cambia a \u201cWebcam\u201d, puede convertirla en una c\u00e1mara de ordenador para retransmitir en directo y compartir v\u00eddeos en redes sociales como Facebook, YouTube, etc. Tambi\u00e9n se puede conectar a un televisor o proyector\/c\u00e1mara mediante un cable HDMI. Tambi\u00e9n se puede conectar a un televisor o proyector\/c\u00e1mara mediante un cable HDMI.<br \/>\n&#8211; \u3010C\u00e1mara digital multifunci\u00f3n 4K\u3011 Esta c\u00e1mara digital est\u00e1 equipada con funciones \u00fatiles como funci\u00f3n de pausa, conexi\u00f3n HD, c\u00e1mara web, compensaci\u00f3n de exposici\u00f3n -3,0~+3,0, c\u00e1mara lenta, bucle, disparo continuo, temporizador y m\u00e1s. Tiene un sensor CMOS de 1300 p\u00edxeles, sello de fecha ajustable, apagado autom\u00e1tico, funci\u00f3n de lapso de tiempo, captura de cara \/ sonrisa y otras funciones especiales para satisfacer a los adolescentes y adultos que toman fotos en casa o cuando viajan para capturar la buena vida.<\/p>\n","protected":false},"excerpt":{"rendered":"<p>C\u00e1mara Digital 4K Dual Camera 64 MP Antivibraci\u00f3n Vlogging C\u00e1mara Fotogr\u00e1fica con Tarjeta de Memoria de 32 GB, Zoom Digital 16X, 2 bater\u00edas y Cargador, y C\u00e1mara Compacta para Principiantes<br \/>\n<br \/>\n#Publicidad<\/p>\n","protected":false},"featured_media":273,"comment_status":"open","ping_status":"closed","template":"","meta":[],"product_cat":[15],"product_tag":[],"class_list":{"0":"post-274","1":"product","2":"type-product","3":"status-publish","4":"has-post-thumbnail","6":"product_cat-sin-categorizar","8":"first","9":"instock","10":"shipping-taxable","11":"product-type-external"},"_links":{"self":[{"href":"https:\/\/viajesymas.com.es\/index.php\/wp-json\/wp\/v2\/product\/274","targetHints":{"allow":["GET"]}}],"collection":[{"href":"https:\/\/viajesymas.com.es\/index.php\/wp-json\/wp\/v2\/product"}],"about":[{"href":"https:\/\/viajesymas.com.es\/index.php\/wp-json\/wp\/v2\/types\/product"}],"replies":[{"embeddable":true,"href":"https:\/\/viajesymas.com.es\/index.php\/wp-json\/wp\/v2\/comments?post=274"}],"wp:featuredmedia":[{"embeddable":true,"href":"https:\/\/viajesymas.com.es\/index.php\/wp-json\/wp\/v2\/media\/273"}],"wp:attachment":[{"href":"https:\/\/viajesymas.com.es\/index.php\/wp-json\/wp\/v2\/media?parent=274"}],"wp:term":[{"taxonomy":"product_cat","embeddable":true,"href":"https:\/\/viajesymas.com.es\/index.php\/wp-json\/wp\/v2\/product_cat?post=274"},{"taxonomy":"product_tag","embeddable":true,"href":"https:\/\/viajesymas.com.es\/index.php\/wp-json\/wp\/v2\/product_tag?post=274"}],"curies":[{"name":"wp","href":"https:\/\/api.w.org\/{rel}","templated":true}]}}