{"id":262,"date":"2024-12-30T11:28:23","date_gmt":"2024-12-30T11:28:23","guid":{"rendered":"https:\/\/viajesymas.com.es\/index.php\/producto\/b0dphlkc19\/"},"modified":"2024-12-30T11:28:23","modified_gmt":"2024-12-30T11:28:23","slug":"b0dphlkc19","status":"publish","type":"product","link":"https:\/\/viajesymas.com.es\/index.php\/producto\/b0dphlkc19\/","title":{"rendered":"B0DPHLKC19"},"content":{"rendered":"<p>&#8211; \u3010Protecci\u00f3n de datos\u3011: Memoria USB te permite cifrar la informaci\u00f3n de los archivos en la aplicaci\u00f3n con Touch ID\/contrase\u00f1a. Puedes elegir cifrar algunos archivos seg\u00fan tus necesidades o cifrar toda la memoria USB. Incluso si pierdes esta unidad USB, no te robar\u00e1n tu privacidad, lo que proteger\u00e1 doblemente tus archivos confidenciales.<br \/>\n&#8211; \u3010Memoria USB 4 en 1\u3011: La memoria USB 3.0 tiene cuatro puertos, incluido el puerto USB 3.0, el puerto I OS, el puerto USB C y el puerto Micro USB. No se requiere ning\u00fan adaptador adicional, la memoria USB para fotos puede transferir f\u00e1cilmente archivos y v\u00eddeos entre tel\u00e9fonos inteligentes\/tabletas y ordenadores. Para dispositivos Android, solo es compatible con la funci\u00f3n OTG. Los dispositivos I OS necesitan descargar nuestra aplicaci\u00f3n \u00abCooDisk\u00bb para usarla.<br \/>\n&#8211; \u3010Memoria USB de 512 GB\u3011: Las Memorias USB de 512 GB se utilizan normalmente para el almacenamiento, la copia de seguridad y la transferencia de archivos, y pueden almacenar una gran cantidad de fotos, v\u00eddeos, im\u00e1genes, canciones, archivos y otros datos. No se requiere WiFi ni Internet, dile adi\u00f3s a las tarifas mensuales de iCloud y ten f\u00e1cilmente 512 GB de espacio de almacenamiento masivo. No ocupa espacio en tu dispositivo, libera tu memoria y libera tu vida.<br \/>\n&#8211; \u3010Comparte directamente en las redes sociales\u3011: Con la tecnolog\u00eda plug-and-play, solo tienes que conectar la pendrive y disfrutar al instante de las fotos y los v\u00eddeos almacenados en la unidad flash. O utiliza la c\u00e1mara de la aplicaci\u00f3n para tomar fotos\/grabar v\u00eddeos y guardarlos directamente en la memoria USB, y luego compartirlos en las redes sociales. Plug-and-play, no ocupa espacio en tu dispositivo.<br \/>\n&#8211; \u3010Transferencia r\u00e1pida\u3011: En comparaci\u00f3n con las memorias USB 2.0 tradicionales, la memoria USB con chip USB3.0 avanzado garantiza una transferencia de datos r\u00e1pida y estable, lo que te permite transferir fotos, v\u00eddeos y archivos en segundos. Haz una copia de seguridad con un solo clic de tus fotos, v\u00eddeos y contactos en la unidad flash, libera r\u00e1pidamente espacio de almacenamiento en tu dispositivo y resuelve el problema del retraso del tel\u00e9fono m\u00f3vil.<\/p>\n","protected":false},"excerpt":{"rendered":"<p>Lyshery Memoria USB 512GB Gran Capacidad 4 en 1 Pendrive 512GB Pen Drive Metal Disco Duro Externo Mini Photostick Memoria Externa para Tel\u00e9fonos Computadoras<br \/>\n<br \/>\n#Publicidad<\/p>\n","protected":false},"featured_media":261,"comment_status":"open","ping_status":"closed","template":"","meta":[],"product_cat":[15],"product_tag":[],"class_list":{"0":"post-262","1":"product","2":"type-product","3":"status-publish","4":"has-post-thumbnail","6":"product_cat-sin-categorizar","8":"first","9":"instock","10":"shipping-taxable","11":"product-type-external"},"_links":{"self":[{"href":"https:\/\/viajesymas.com.es\/index.php\/wp-json\/wp\/v2\/product\/262","targetHints":{"allow":["GET"]}}],"collection":[{"href":"https:\/\/viajesymas.com.es\/index.php\/wp-json\/wp\/v2\/product"}],"about":[{"href":"https:\/\/viajesymas.com.es\/index.php\/wp-json\/wp\/v2\/types\/product"}],"replies":[{"embeddable":true,"href":"https:\/\/viajesymas.com.es\/index.php\/wp-json\/wp\/v2\/comments?post=262"}],"wp:featuredmedia":[{"embeddable":true,"href":"https:\/\/viajesymas.com.es\/index.php\/wp-json\/wp\/v2\/media\/261"}],"wp:attachment":[{"href":"https:\/\/viajesymas.com.es\/index.php\/wp-json\/wp\/v2\/media?parent=262"}],"wp:term":[{"taxonomy":"product_cat","embeddable":true,"href":"https:\/\/viajesymas.com.es\/index.php\/wp-json\/wp\/v2\/product_cat?post=262"},{"taxonomy":"product_tag","embeddable":true,"href":"https:\/\/viajesymas.com.es\/index.php\/wp-json\/wp\/v2\/product_tag?post=262"}],"curies":[{"name":"wp","href":"https:\/\/api.w.org\/{rel}","templated":true}]}}