{"id":260,"date":"2024-12-30T11:25:27","date_gmt":"2024-12-30T11:25:27","guid":{"rendered":"https:\/\/viajesymas.com.es\/index.php\/producto\/b0dhxfby99\/"},"modified":"2024-12-30T11:25:27","modified_gmt":"2024-12-30T11:25:27","slug":"b0dhxfby99","status":"publish","type":"product","link":"https:\/\/viajesymas.com.es\/index.php\/producto\/b0dhxfby99\/","title":{"rendered":"B0DHXFBY99"},"content":{"rendered":"<p>&#8211; Conexi\u00f3n ultrarr\u00e1pida: Los cascos inal\u00e1mbricos Bluetooth utilizan la \u00faltima tecnolog\u00eda Bluetooth 5.3, ofreciendo una experiencia de transmisi\u00f3n de se\u00f1al m\u00e1s r\u00e1pida y estable.<br \/>\n&#8211; Excelente calidad de sonido: Los auriculares inal\u00e1mbricos Bluetooth utilizan un controlador de diafragma compuesto de 13 mm, el cual puede proporcionar un amplio rango de respuesta de frecuencia y una mejor separaci\u00f3n de sonido, ofreciendo as\u00ed una experiencia de audio de alta fidelidad.<\/p>\n","protected":false},"excerpt":{"rendered":"<p>Qecnato Auriculares Inalambricos Bluetooth, Auriculares Bluetooth 5.3 HiFi Est\u00e9reo con HD Mic, 75H Cascos Inalambricos Bluetooth con Pantalla LED, Verde<br \/>\n<br \/>\n#Publicidad<\/p>\n","protected":false},"featured_media":259,"comment_status":"open","ping_status":"closed","template":"","meta":[],"product_cat":[15],"product_tag":[],"class_list":{"0":"post-260","1":"product","2":"type-product","3":"status-publish","4":"has-post-thumbnail","6":"product_cat-sin-categorizar","8":"first","9":"instock","10":"shipping-taxable","11":"product-type-external"},"_links":{"self":[{"href":"https:\/\/viajesymas.com.es\/index.php\/wp-json\/wp\/v2\/product\/260","targetHints":{"allow":["GET"]}}],"collection":[{"href":"https:\/\/viajesymas.com.es\/index.php\/wp-json\/wp\/v2\/product"}],"about":[{"href":"https:\/\/viajesymas.com.es\/index.php\/wp-json\/wp\/v2\/types\/product"}],"replies":[{"embeddable":true,"href":"https:\/\/viajesymas.com.es\/index.php\/wp-json\/wp\/v2\/comments?post=260"}],"wp:featuredmedia":[{"embeddable":true,"href":"https:\/\/viajesymas.com.es\/index.php\/wp-json\/wp\/v2\/media\/259"}],"wp:attachment":[{"href":"https:\/\/viajesymas.com.es\/index.php\/wp-json\/wp\/v2\/media?parent=260"}],"wp:term":[{"taxonomy":"product_cat","embeddable":true,"href":"https:\/\/viajesymas.com.es\/index.php\/wp-json\/wp\/v2\/product_cat?post=260"},{"taxonomy":"product_tag","embeddable":true,"href":"https:\/\/viajesymas.com.es\/index.php\/wp-json\/wp\/v2\/product_tag?post=260"}],"curies":[{"name":"wp","href":"https:\/\/api.w.org\/{rel}","templated":true}]}}