{"id":258,"date":"2024-12-30T08:00:42","date_gmt":"2024-12-30T08:00:42","guid":{"rendered":"https:\/\/viajesymas.com.es\/index.php\/producto\/b0bpyz9537\/"},"modified":"2024-12-30T08:00:42","modified_gmt":"2024-12-30T08:00:42","slug":"b0bpyz9537","status":"publish","type":"product","link":"https:\/\/viajesymas.com.es\/index.php\/producto\/b0bpyz9537\/","title":{"rendered":"B0BPYZ9537"},"content":{"rendered":"<p>&#8211; Tostadora de doble ranura larga con capacidad para cuatro tostadas. 1630 W de potencia.<br \/>\n&#8211; Ranura ancha de 3,8 cm para introducir panes gruesos o de gran tama\u00f1o. Acabados en acero inoxidable.<br \/>\n&#8211; Incluye soporte para panecillos: varillas superiores para ayudar a calentar alimentos de gran tama\u00f1o como boller\u00eda o cruasanes. Mecanismo de apagado y pop-up autom\u00e1tico. Expulsi\u00f3n autom\u00e1tica de la tostada cuando finaliza el programa.<br \/>\n&#8211; Sistema de autocentrado para un tostado uniforme por las dos caras. Potencia regulable, 6 posiciones de tostado para un resultado al gusto.<br \/>\n&#8211; Funciones preconfiguradas: Recalentar y Descongelar. Bot\u00f3n Cancelar para interrumpir el proceso de tostado. Bandeja recogemigas de f\u00e1cil extracci\u00f3n. Base antideslizante y hueco recogecables.<\/p>\n","protected":false},"excerpt":{"rendered":"<p>Cecotec Tostadora 4 Rebanadas Toast&amp;Taste 1600 Retro Double Green. 1630 W, 2 Ranuras Anchas de 3,8 cm y Largas, Acero Inoxidable, Varillas Superiores, Potencia Regulable, Bandeja recogemigas<br \/>\n<br \/>\n#Publicidad<\/p>\n","protected":false},"featured_media":257,"comment_status":"open","ping_status":"closed","template":"","meta":[],"product_cat":[15],"product_tag":[],"class_list":{"0":"post-258","1":"product","2":"type-product","3":"status-publish","4":"has-post-thumbnail","6":"product_cat-sin-categorizar","8":"first","9":"instock","10":"shipping-taxable","11":"product-type-external"},"_links":{"self":[{"href":"https:\/\/viajesymas.com.es\/index.php\/wp-json\/wp\/v2\/product\/258","targetHints":{"allow":["GET"]}}],"collection":[{"href":"https:\/\/viajesymas.com.es\/index.php\/wp-json\/wp\/v2\/product"}],"about":[{"href":"https:\/\/viajesymas.com.es\/index.php\/wp-json\/wp\/v2\/types\/product"}],"replies":[{"embeddable":true,"href":"https:\/\/viajesymas.com.es\/index.php\/wp-json\/wp\/v2\/comments?post=258"}],"wp:featuredmedia":[{"embeddable":true,"href":"https:\/\/viajesymas.com.es\/index.php\/wp-json\/wp\/v2\/media\/257"}],"wp:attachment":[{"href":"https:\/\/viajesymas.com.es\/index.php\/wp-json\/wp\/v2\/media?parent=258"}],"wp:term":[{"taxonomy":"product_cat","embeddable":true,"href":"https:\/\/viajesymas.com.es\/index.php\/wp-json\/wp\/v2\/product_cat?post=258"},{"taxonomy":"product_tag","embeddable":true,"href":"https:\/\/viajesymas.com.es\/index.php\/wp-json\/wp\/v2\/product_tag?post=258"}],"curies":[{"name":"wp","href":"https:\/\/api.w.org\/{rel}","templated":true}]}}