{"id":246,"date":"2024-12-28T09:55:06","date_gmt":"2024-12-28T09:55:06","guid":{"rendered":"https:\/\/viajesymas.com.es\/index.php\/producto\/b0dp2t6ymx\/"},"modified":"2024-12-28T09:55:06","modified_gmt":"2024-12-28T09:55:06","slug":"b0dp2t6ymx","status":"publish","type":"product","link":"https:\/\/viajesymas.com.es\/index.php\/producto\/b0dp2t6ymx\/","title":{"rendered":"B0DP2T6YMX"},"content":{"rendered":"<p>&#8211; F\u00e1cil de transportar: esta mini c\u00e1mara tiene una portabilidad extraordinaria y es muy adecuada para viajes de larga distancia, viajes de negocios e incluso necesidades diarias de monitoreo continuo. Es peque\u00f1o y liviano y cabe f\u00e1cilmente en su bolsillo, bolso o cualquier otro accesorio sin molestarlo en absoluto.<br \/>\n&#8211; Facilidad de uso: Esta c\u00e1mara destaca por su funcionamiento sumamente sencillo. Basta con pulsar un bot\u00f3n para activar su funcionamiento. Adem\u00e1s, viene con una gu\u00eda de usuario detallada dise\u00f1ada para ayudar a los principiantes. Si eres nuevo en el mundo de las c\u00e1maras de seguridad o buscas un dispositivo sencillo y f\u00e1cil de usar, este es el dispositivo para ti.<br \/>\n&#8211; Adecuada para una variedad de tomas: ya sea que desee capturar conocimientos valiosos aprendidos en el aula, documentar decisiones clave tomadas durante una reuni\u00f3n de negocios o simplemente capturar momentos tiernos y conmovedores compartidos durante reuniones familiares, esta mini c\u00e1mara puede hacer el trabajo.<br \/>\n&#8211; Detecci\u00f3n de movimiento: La grabaci\u00f3n de v\u00eddeo solo se activa cuando se detecta movimiento, ahorrando espacio de almacenamiento al evitar grabaciones innecesarias y seleccionando autom\u00e1ticamente los momentos relevantes. Compatible con tarjetas TF de gran capacidad, brindando m\u00e1s posibilidades de grabaci\u00f3n. La funci\u00f3n de grabaci\u00f3n en bucle proporciona monitoreo continuo, sobrescribiendo videos antiguos con videos nuevos. Este producto se vende sin tarjeta TF.<br \/>\n&#8211; M\u00e1xima precisi\u00f3n visual 1080P: esta c\u00e1mara de vigilancia presenta un formato de resoluci\u00f3n de 1920 x 1080p, combinado con un flujo constante de 30 fotogramas por segundo, para ofrecer im\u00e1genes con niveles de claridad y detalle excepcionales. Ya sea que est\u00e9 considerando usarlo para la seguridad del hogar o para monitorear a su beb\u00e9, le brindar\u00e1 exactamente lo que espera.<\/p>\n","protected":false},"excerpt":{"rendered":"<p>C\u00e1mara Esp\u00eda, Mini C\u00e1mara Esp\u00eda Oculta &#8211; Micro C\u00e1mara, Port\u00e1til, con Funci\u00f3n de Detecci\u00f3n de Movimiento, Monitoreo de Seguridad en Hogar, Vigilar Mascotas y Cuidar Ancianos, Sin WiFi<br \/>\n<br \/>\n#Publicidad<\/p>\n","protected":false},"featured_media":245,"comment_status":"open","ping_status":"closed","template":"","meta":[],"product_cat":[15],"product_tag":[],"class_list":{"0":"post-246","1":"product","2":"type-product","3":"status-publish","4":"has-post-thumbnail","6":"product_cat-sin-categorizar","8":"first","9":"instock","10":"shipping-taxable","11":"product-type-external"},"_links":{"self":[{"href":"https:\/\/viajesymas.com.es\/index.php\/wp-json\/wp\/v2\/product\/246","targetHints":{"allow":["GET"]}}],"collection":[{"href":"https:\/\/viajesymas.com.es\/index.php\/wp-json\/wp\/v2\/product"}],"about":[{"href":"https:\/\/viajesymas.com.es\/index.php\/wp-json\/wp\/v2\/types\/product"}],"replies":[{"embeddable":true,"href":"https:\/\/viajesymas.com.es\/index.php\/wp-json\/wp\/v2\/comments?post=246"}],"wp:featuredmedia":[{"embeddable":true,"href":"https:\/\/viajesymas.com.es\/index.php\/wp-json\/wp\/v2\/media\/245"}],"wp:attachment":[{"href":"https:\/\/viajesymas.com.es\/index.php\/wp-json\/wp\/v2\/media?parent=246"}],"wp:term":[{"taxonomy":"product_cat","embeddable":true,"href":"https:\/\/viajesymas.com.es\/index.php\/wp-json\/wp\/v2\/product_cat?post=246"},{"taxonomy":"product_tag","embeddable":true,"href":"https:\/\/viajesymas.com.es\/index.php\/wp-json\/wp\/v2\/product_tag?post=246"}],"curies":[{"name":"wp","href":"https:\/\/api.w.org\/{rel}","templated":true}]}}