{"id":236,"date":"2024-12-28T09:14:35","date_gmt":"2024-12-28T09:14:35","guid":{"rendered":"https:\/\/viajesymas.com.es\/index.php\/producto\/b0d97zpgjb\/"},"modified":"2024-12-28T09:14:35","modified_gmt":"2024-12-28T09:14:35","slug":"b0d97zpgjb","status":"publish","type":"product","link":"https:\/\/viajesymas.com.es\/index.php\/producto\/b0d97zpgjb\/","title":{"rendered":"B0D97ZPGJB"},"content":{"rendered":"<p>&#8211; Auriculares Bluetooth<\/p>\n","protected":false},"excerpt":{"rendered":"<p>Auriculares Inalambricos Deportivos, 75 Horas Auriculares Bluetooth HiFi Est\u00e9reo, Audifonos Inalambricos 5.3 con Cancelaci\u00f3n Ruido ENC, Cascos Inal\u00e1mbricos Bluetooth IP7 Impermeable, Tipo-C, Azul<br \/>\n<br \/>\n#Publicidad<\/p>\n","protected":false},"featured_media":235,"comment_status":"open","ping_status":"closed","template":"","meta":[],"product_cat":[15],"product_tag":[],"class_list":{"0":"post-236","1":"product","2":"type-product","3":"status-publish","4":"has-post-thumbnail","6":"product_cat-sin-categorizar","8":"first","9":"instock","10":"shipping-taxable","11":"product-type-external"},"_links":{"self":[{"href":"https:\/\/viajesymas.com.es\/index.php\/wp-json\/wp\/v2\/product\/236","targetHints":{"allow":["GET"]}}],"collection":[{"href":"https:\/\/viajesymas.com.es\/index.php\/wp-json\/wp\/v2\/product"}],"about":[{"href":"https:\/\/viajesymas.com.es\/index.php\/wp-json\/wp\/v2\/types\/product"}],"replies":[{"embeddable":true,"href":"https:\/\/viajesymas.com.es\/index.php\/wp-json\/wp\/v2\/comments?post=236"}],"wp:featuredmedia":[{"embeddable":true,"href":"https:\/\/viajesymas.com.es\/index.php\/wp-json\/wp\/v2\/media\/235"}],"wp:attachment":[{"href":"https:\/\/viajesymas.com.es\/index.php\/wp-json\/wp\/v2\/media?parent=236"}],"wp:term":[{"taxonomy":"product_cat","embeddable":true,"href":"https:\/\/viajesymas.com.es\/index.php\/wp-json\/wp\/v2\/product_cat?post=236"},{"taxonomy":"product_tag","embeddable":true,"href":"https:\/\/viajesymas.com.es\/index.php\/wp-json\/wp\/v2\/product_tag?post=236"}],"curies":[{"name":"wp","href":"https:\/\/api.w.org\/{rel}","templated":true}]}}