{"id":230,"date":"2024-12-28T08:00:38","date_gmt":"2024-12-28T08:00:38","guid":{"rendered":"https:\/\/viajesymas.com.es\/index.php\/producto\/b0dg2mnd7f\/"},"modified":"2024-12-28T08:00:38","modified_gmt":"2024-12-28T08:00:38","slug":"b0dg2mnd7f","status":"publish","type":"product","link":"https:\/\/viajesymas.com.es\/index.php\/producto\/b0dg2mnd7f\/","title":{"rendered":"B0DG2MND7F"},"content":{"rendered":"<p>&#8211; [ Graves potentes, agudos n\u00edtidos y Ecualizador personalizable ] Siente la potencia de los graves de 50W con un subwoofer integrado. La tecnolog\u00eda avanzada SoundPulse de Tronsmart ofrece graves profundos y agudos n\u00edtidos, lo que lo convierte en uno de los mejores altavoces Bluetooth port\u00e1tiles para uso en exteriores. Con la configuraci\u00f3n del ecualizador de la aplicaci\u00f3n Tronsmart, puedes adaptar el sonido de este altavoz Bluetooth para exteriores a cualquier canci\u00f3n o situaci\u00f3n.<br \/>\n&#8211; [ Mango retr\u00e1ctil port\u00e1til y Resistente al agua IPX7 ] Dise\u00f1ado teniendo en cuenta la portabilidad, este altavoz resistente al agua presenta un dise\u00f1o compacto y un asa retr\u00e1ctil exclusiva, lo que lo convierte en un altavoz de playa ideal. Ya sea que est\u00e9s en la playa, junto a la piscina o en una caminata, no tienes que preocuparte por derrames o incluso por la inmersi\u00f3n en el agua. Nota: Aseg\u00farate de que los puertos est\u00e9n cubiertos para mantener la protecci\u00f3n impermeable.<br \/>\n&#8211; [ 20 Horas de reproducci\u00f3n y Bater\u00eda externa incorporada ] Disfruta de hasta 20 horas de m\u00fasica continua al aire libre con el S100, para que puedas estar de fiesta todo el d\u00eda y toda la noche con este potente altavoz Bluetooth. No dejes que la m\u00fasica se detenga: utiliza la bater\u00eda externa incorporada para cargar tus dispositivos sin perder el ritmo, lo que lo convierte en un altavoz Bluetooth vers\u00e1til para cualquier aventura.<br \/>\n&#8211; [ Emparejamiento est\u00e9reo y Espect\u00e1culo de luces sincronizado con el ritmo ] Empareja dos de estos altavoces Bluetooth inal\u00e1mbricos con un solo dispositivo para duplicar el volumen o un sonido est\u00e9reo envolvente. Disfruta de un espect\u00e1culo de luces impulsado por el ritmo con tres modos disponibles: Ciclo, Respiraci\u00f3n y Marquee, convirtiendo tu altavoz port\u00e1til en el mejor compa\u00f1ero de fiesta.<br \/>\n&#8211; [ Bluetooth 5.3 y M\u00faltiples formas de reproducci\u00f3n ] Equipado con tecnolog\u00eda Bluetooth 5.3, este altavoz ofrece conexiones inal\u00e1mbricas r\u00e1pidas y f\u00e1ciles a varios dispositivos, lo que garantiza una conexi\u00f3n fuerte y estable para m\u00fasica sin interrupciones. Admite m\u00faltiples modos de reproducci\u00f3n, incluidos Bluetooth, AUX, tarjeta Micro SD y USB, lo que lo convierte en uno de los altavoces Bluetooth m\u00e1s vers\u00e1tiles del mercado. Adem\u00e1s, puedes recibir llamadas con manos libres directamente desde el altavoz y usar f\u00e1cilmente el Asistente de Google o Siri.<\/p>\n","protected":false},"excerpt":{"rendered":"<p>Tronsmart Mirtune S100 Altavoz Bluetooth 50W, Altavoz Port\u00e1til Potente, Resistente al Agua IPX7, Retractable Handle, 20H de Reproducci\u00f3n, Sonido Est\u00e9reo, Aux y Powerbank, Speaker con EQ para Exterior<br \/>\n<br \/>\n#Publicidad<\/p>\n","protected":false},"featured_media":229,"comment_status":"open","ping_status":"closed","template":"","meta":[],"product_cat":[15],"product_tag":[],"class_list":{"0":"post-230","1":"product","2":"type-product","3":"status-publish","4":"has-post-thumbnail","6":"product_cat-sin-categorizar","8":"first","9":"instock","10":"shipping-taxable","11":"product-type-external"},"_links":{"self":[{"href":"https:\/\/viajesymas.com.es\/index.php\/wp-json\/wp\/v2\/product\/230","targetHints":{"allow":["GET"]}}],"collection":[{"href":"https:\/\/viajesymas.com.es\/index.php\/wp-json\/wp\/v2\/product"}],"about":[{"href":"https:\/\/viajesymas.com.es\/index.php\/wp-json\/wp\/v2\/types\/product"}],"replies":[{"embeddable":true,"href":"https:\/\/viajesymas.com.es\/index.php\/wp-json\/wp\/v2\/comments?post=230"}],"wp:featuredmedia":[{"embeddable":true,"href":"https:\/\/viajesymas.com.es\/index.php\/wp-json\/wp\/v2\/media\/229"}],"wp:attachment":[{"href":"https:\/\/viajesymas.com.es\/index.php\/wp-json\/wp\/v2\/media?parent=230"}],"wp:term":[{"taxonomy":"product_cat","embeddable":true,"href":"https:\/\/viajesymas.com.es\/index.php\/wp-json\/wp\/v2\/product_cat?post=230"},{"taxonomy":"product_tag","embeddable":true,"href":"https:\/\/viajesymas.com.es\/index.php\/wp-json\/wp\/v2\/product_tag?post=230"}],"curies":[{"name":"wp","href":"https:\/\/api.w.org\/{rel}","templated":true}]}}