{"id":228,"date":"2024-12-28T00:00:35","date_gmt":"2024-12-28T00:00:35","guid":{"rendered":"https:\/\/viajesymas.com.es\/index.php\/producto\/b0cc264p2h\/"},"modified":"2024-12-28T00:00:35","modified_gmt":"2024-12-28T00:00:35","slug":"b0cc264p2h","status":"publish","type":"product","link":"https:\/\/viajesymas.com.es\/index.php\/producto\/b0cc264p2h\/","title":{"rendered":"B0CC264P2H"},"content":{"rendered":"<p>&#8211; 2400 W; golpe de vapor de 180 g; vapor continuo de 45 g; dep\u00f3sito de agua con capacidad para 320 ml; suela de cer\u00e1mica antiadherente; vapor y temperatura regulables; vapor vertical; se calienta en 30 segundos; funci\u00f3n antigoteo; funci\u00f3n de autolimpieza; luz indicadora de encendido; cable de 2,5 cm con pinza<\/p>\n","protected":false},"excerpt":{"rendered":"<p>Russell Hobbs Plancha de Ropa Easy Store PRO, Cable Enrollable en Base para Guardar, 2400 W, Suela Cer\u00e1mica Antiadherente, Golpe Vapor 180 g, Vapor Vertical, Funci\u00f3n AutoLimpieza, 26730-56<br \/>\n<br \/>\n#Publicidad<\/p>\n","protected":false},"featured_media":227,"comment_status":"open","ping_status":"closed","template":"","meta":[],"product_cat":[15],"product_tag":[],"class_list":{"0":"post-228","1":"product","2":"type-product","3":"status-publish","4":"has-post-thumbnail","6":"product_cat-sin-categorizar","8":"first","9":"instock","10":"shipping-taxable","11":"product-type-external"},"_links":{"self":[{"href":"https:\/\/viajesymas.com.es\/index.php\/wp-json\/wp\/v2\/product\/228","targetHints":{"allow":["GET"]}}],"collection":[{"href":"https:\/\/viajesymas.com.es\/index.php\/wp-json\/wp\/v2\/product"}],"about":[{"href":"https:\/\/viajesymas.com.es\/index.php\/wp-json\/wp\/v2\/types\/product"}],"replies":[{"embeddable":true,"href":"https:\/\/viajesymas.com.es\/index.php\/wp-json\/wp\/v2\/comments?post=228"}],"wp:featuredmedia":[{"embeddable":true,"href":"https:\/\/viajesymas.com.es\/index.php\/wp-json\/wp\/v2\/media\/227"}],"wp:attachment":[{"href":"https:\/\/viajesymas.com.es\/index.php\/wp-json\/wp\/v2\/media?parent=228"}],"wp:term":[{"taxonomy":"product_cat","embeddable":true,"href":"https:\/\/viajesymas.com.es\/index.php\/wp-json\/wp\/v2\/product_cat?post=228"},{"taxonomy":"product_tag","embeddable":true,"href":"https:\/\/viajesymas.com.es\/index.php\/wp-json\/wp\/v2\/product_tag?post=228"}],"curies":[{"name":"wp","href":"https:\/\/api.w.org\/{rel}","templated":true}]}}