{"id":224,"date":"2024-12-27T18:28:06","date_gmt":"2024-12-27T18:28:06","guid":{"rendered":"https:\/\/viajesymas.com.es\/index.php\/producto\/b0cjdm4ls6\/"},"modified":"2024-12-27T18:28:06","modified_gmt":"2024-12-27T18:28:06","slug":"b0cjdm4ls6","status":"publish","type":"product","link":"https:\/\/viajesymas.com.es\/index.php\/producto\/b0cjdm4ls6\/","title":{"rendered":"B0CJDM4LS6"},"content":{"rendered":"<p>&#8211; \u3010CON BONITA CALIDAD DE IMAGEN Y VIDEO\u3011: La c\u00e1mara de rastreo HAZA PR800 utiliza un sensor CMOS de color de 2 millones de p\u00edxeles, que puede grabar videos de 2.7K 1580P y fotos de 58MP. Tambi\u00e9n tiene una lente gran angular de 120\u00b0 que ofrece un gran campo de visi\u00f3n. Puede ver claramente la vida silvestre durante el d\u00eda y la noche. mirando las im\u00e1genes de ciervos, mapaches, zarig\u00fceyas, etc., animales jugando. Los videos tienen colores vivos y est\u00e1n ricos en detalles para que disfrutes.<br \/>\n&#8211; \u3010GRAN DETECCI\u00d3N DE MOVIMIENTO, NO HAY IMAGEN BORRADA NO SE PIERDE\u3011: La c\u00e1mara activada por movimiento de vida silvestre HAZA PR800 adopta tecnolog\u00eda de detecci\u00f3n de infrarrojos piroel\u00e9ctricos (detecci\u00f3n de animales), una vez que un animal ingresa al \u00e1rea de detecci\u00f3n directamente en frente, autom\u00e1ticamente comenzar\u00e1 a tomar fotograf\u00edas o videos en 0.1S . La detecci\u00f3n de movimiento es precisa y captura r\u00e1pidamente im\u00e1genes claras de cada vez que hab\u00eda vida silvestre cerca.<br \/>\n&#8211; \u3010VISI\u00d3N NOCTURNA IR SIN BRILLO, IMAGEN CLARA POR LA NOCHE\u3011: la c\u00e1mara de juego HAZA PR800 adopta 40 LED de visi\u00f3n nocturna infrarroja de proceso de 940 nm, puede tomar im\u00e1genes FHD en blanco y negro de alto brillo, alta definici\u00f3n y bajo ruido incluso Por la noche. Las luces IR captan el movimiento a 30 yardas de distancia, los animales no se asustar\u00e1n. Puedes reconocer f\u00e1cilmente todos los animales que capt\u00f3 la c\u00e1mara de seguimiento incluso si afuera estaba completamente oscuro.<br \/>\n&#8211; \u3010IP66 IMPERMEABLE, EXCELENTE RESISTENCIA A LA INTEMPERIE\u3011: La c\u00e1mara de vida silvestre HAZA PR800 funciona bien en temperaturas abrasadoras, lluvia intensa y aguanieve y noches fr\u00edas, la calidad de la foto y el video es incre\u00edble incluso en temperaturas extremas de -20 \u00b0C a 60 \u00b0C . La c\u00e1mara de sendero PR800 est\u00e1 bien hecha y es muy s\u00f3lida, es resistente al agua IP66, el rendimiento es estable y confiable. El color del cuerpo es cercano al color natural y tiene una fuerte ocultaci\u00f3n.<br \/>\n&#8211; \u3010CON UNA TARJETA DE MEMORIA OFICIAL, F\u00c1CIL DE CONFIGURAR\u3011: C\u00e1mara de rastreo de caza HAZA PR800 con una tarjeta SD de 32 GB para que no se preocupe por la incompatibilidad entre la c\u00e1mara y las tarjetas. Tiene una enorme pantalla LCD en la que puedes ver lo que la c\u00e1mara grab\u00f3 en el lugar. Tambi\u00e9n tiene una correa de montaje s\u00f3lida que se engancha perfectamente a los \u00e1rboles, perfecta para usar en diversos lugares como casas, patios, jardines, granjas, bosques de monta\u00f1a, etc.<\/p>\n","protected":false},"excerpt":{"rendered":"<p>HAZA Camara Caza 58MP 2.7K HD Camara Fototrampeo con Micro SD 32GB C\u00e1maras de Caza Visi\u00f3n Nocturnal Impermeable IP66 C\u00e1mara de Outdoor Patio Trasero Granja Vida Silvestre Monitoreo (M-2)<br \/>\n<br \/>\n#Publicidad<\/p>\n","protected":false},"featured_media":223,"comment_status":"open","ping_status":"closed","template":"","meta":[],"product_cat":[15],"product_tag":[],"class_list":{"0":"post-224","1":"product","2":"type-product","3":"status-publish","4":"has-post-thumbnail","6":"product_cat-sin-categorizar","8":"first","9":"instock","10":"shipping-taxable","11":"product-type-external"},"_links":{"self":[{"href":"https:\/\/viajesymas.com.es\/index.php\/wp-json\/wp\/v2\/product\/224","targetHints":{"allow":["GET"]}}],"collection":[{"href":"https:\/\/viajesymas.com.es\/index.php\/wp-json\/wp\/v2\/product"}],"about":[{"href":"https:\/\/viajesymas.com.es\/index.php\/wp-json\/wp\/v2\/types\/product"}],"replies":[{"embeddable":true,"href":"https:\/\/viajesymas.com.es\/index.php\/wp-json\/wp\/v2\/comments?post=224"}],"wp:featuredmedia":[{"embeddable":true,"href":"https:\/\/viajesymas.com.es\/index.php\/wp-json\/wp\/v2\/media\/223"}],"wp:attachment":[{"href":"https:\/\/viajesymas.com.es\/index.php\/wp-json\/wp\/v2\/media?parent=224"}],"wp:term":[{"taxonomy":"product_cat","embeddable":true,"href":"https:\/\/viajesymas.com.es\/index.php\/wp-json\/wp\/v2\/product_cat?post=224"},{"taxonomy":"product_tag","embeddable":true,"href":"https:\/\/viajesymas.com.es\/index.php\/wp-json\/wp\/v2\/product_tag?post=224"}],"curies":[{"name":"wp","href":"https:\/\/api.w.org\/{rel}","templated":true}]}}