{"id":222,"date":"2024-12-27T16:21:33","date_gmt":"2024-12-27T16:21:33","guid":{"rendered":"https:\/\/viajesymas.com.es\/index.php\/producto\/b0dk8wht57\/"},"modified":"2024-12-27T16:21:33","modified_gmt":"2024-12-27T16:21:33","slug":"b0dk8wht57","status":"publish","type":"product","link":"https:\/\/viajesymas.com.es\/index.php\/producto\/b0dk8wht57\/","title":{"rendered":"B0DK8WHT57"},"content":{"rendered":"<p>&#8211; \u3010Dise\u00f1o Ingenioso\u3011\u00bfQuieres un accesorio de mu\u00f1eca inteligente y elegante? SWGOTA reloj inteligente mujer satisface tus necesidades. dise\u00f1o compacto y elegante, pantalla HD de 1,27 pulgadas y correas de acero y silicona, que lo hacen sencillo y a la moda. Adem\u00e1s, incluye un collar de girasol como obsequio. El I109 smartwatch mujer es ideal para el uso diario y tambi\u00e9n es una excelente opci\u00f3n como regalo festivo.<br \/>\n&#8211; \u3010Variedad de Esferas &amp; Funciones Pr\u00e1cticas\u3011Con m\u00e1s de 380 esferas de reloj mujer inteligente, siempre hay una para cada ocasi\u00f3n, ya sea de negocios, casual o deportiva. Adem\u00e1s, puedes subir tus propias fotos para una esfera personalizada. Incluye funciones pr\u00e1cticas como pron\u00f3stico del tiempo, control remoto de c\u00e1mara, reproducci\u00f3n de m\u00fasica y alarma.<br \/>\n&#8211; \u3010Funciones para Mujeres\u3011Dise\u00f1ado especialmente reloj para mujeres, cuida tu salud y bienestar. Registra tres etapas importantes: menstruaci\u00f3n, fase segura y ovulaci\u00f3n, manteni\u00e9ndote informada sobre tu estado corporal. Tambi\u00e9n tiene funciones \u00fatiles como recordatorios para beber agua y moverse, ayud\u00e1ndote a mantener buenos h\u00e1bitos. En la multitud, eres igual y a la vez \u00fanica.<br \/>\n&#8211; \u3010Vida Cient\u00edfica\u3011Ofrece monitorizaci\u00f3n las 24 horas del d\u00eda de la frecuencia cardiaca, el sue\u00f1o, la SpO2 y muchas otras funciones inteligentes. lo que te ayuda a comprender mejor tus datos corporales. Realiza un seguimiento de tu sue\u00f1o, analiza la calidad y genera informes en la app para ayudarte a regular tu reloj biol\u00f3gico, reloj inteligente mujer con llamadas apoyo cient\u00edfico para tu vida cotidiana.<br \/>\n&#8211; \u3010Vida Deportiva\u3011El relojes inteligentes mujeres incluye 8 modos de deporte ideales para la vida diaria, a\u00f1adiendo motivaci\u00f3n a tu estilo de vida saludable. Al conectarlo con la app \u201cFitCloudPro\u201d, puedes desbloquear m\u00e1s de 120 modos de deporte adicionales. Ya sea que seas amante del fitness o de actividades al aire libre, SWGOTA te ofrece datos precisos de tus entrenamientos.<br \/>\n&#8211; \u3010Funci\u00f3n Bluetooth 5.3\u3011Al conectarse con tu tel\u00e9fono, el reloj inteligente mujer redondo muestra notificaciones de mensajes y redes sociales en tiempo real, manteni\u00e9ndote informado en cualquier momento, ya sea en el transporte, al hacer ejercicio o cuando tienes las manos ocupadas. Con SWGOTA Smartwatch, la comunicaci\u00f3n es m\u00e1s r\u00e1pida y tambi\u00e9n cuenta con un asistente de voz AI, brind\u00e1ndote una experiencia de vida inteligente.<br \/>\n&#8211; \u3010Consejo Amigable\u3011SWGOTA reloj inteligente mujer te hace brillar en cada momento. Si tienes alg\u00fan problema con el producto, no dudes en contactarnos. Estamos aqu\u00ed para ayudarte.<\/p>\n","protected":false},"excerpt":{"rendered":"<p>SWGOTA Reloj Inteligente Mujer con Llamadas, 1.27\u00bb HD Smartwatch Mujer con Funci\u00f3n Femenina 24H Puls\u00f3metro SpO2 Sue\u00f1o, 120+ Modos Deportivos Calor\u00edas IP68 WhatsApp Android iOS, Regalos Mujer Oro Rosa<br \/>\n<br \/>\n#Publicidad<\/p>\n","protected":false},"featured_media":221,"comment_status":"open","ping_status":"closed","template":"","meta":[],"product_cat":[15],"product_tag":[],"class_list":{"0":"post-222","1":"product","2":"type-product","3":"status-publish","4":"has-post-thumbnail","6":"product_cat-sin-categorizar","8":"first","9":"instock","10":"shipping-taxable","11":"product-type-external"},"_links":{"self":[{"href":"https:\/\/viajesymas.com.es\/index.php\/wp-json\/wp\/v2\/product\/222","targetHints":{"allow":["GET"]}}],"collection":[{"href":"https:\/\/viajesymas.com.es\/index.php\/wp-json\/wp\/v2\/product"}],"about":[{"href":"https:\/\/viajesymas.com.es\/index.php\/wp-json\/wp\/v2\/types\/product"}],"replies":[{"embeddable":true,"href":"https:\/\/viajesymas.com.es\/index.php\/wp-json\/wp\/v2\/comments?post=222"}],"wp:featuredmedia":[{"embeddable":true,"href":"https:\/\/viajesymas.com.es\/index.php\/wp-json\/wp\/v2\/media\/221"}],"wp:attachment":[{"href":"https:\/\/viajesymas.com.es\/index.php\/wp-json\/wp\/v2\/media?parent=222"}],"wp:term":[{"taxonomy":"product_cat","embeddable":true,"href":"https:\/\/viajesymas.com.es\/index.php\/wp-json\/wp\/v2\/product_cat?post=222"},{"taxonomy":"product_tag","embeddable":true,"href":"https:\/\/viajesymas.com.es\/index.php\/wp-json\/wp\/v2\/product_tag?post=222"}],"curies":[{"name":"wp","href":"https:\/\/api.w.org\/{rel}","templated":true}]}}