{"id":209,"date":"2024-12-26T19:40:56","date_gmt":"2024-12-26T19:40:56","guid":{"rendered":"https:\/\/viajesymas.com.es\/index.php\/producto\/b0dqtvwjzh\/"},"modified":"2024-12-26T19:40:56","modified_gmt":"2024-12-26T19:40:56","slug":"b0dqtvwjzh","status":"publish","type":"product","link":"https:\/\/viajesymas.com.es\/index.php\/producto\/b0dqtvwjzh\/","title":{"rendered":"B0DQTVWJZH"},"content":{"rendered":"<p>&#8211; \ud83d\udc4dDise\u00f1o Abierto para una Experiencia Inmersiva y C\u00f3moda \u2014 Disfruta de un sonido rico e \u00edntimo mientras te mantienes conectado con el mundo que te rodea. Los auriculares inal\u00e1mbricos Bluetooth deportivos EUQQ cuentan con un dise\u00f1o abierto que evita el sellado completo del canal auditivo, reduciendo la incomodidad tras largos periodos de uso. Adem\u00e1s, su ventilaci\u00f3n mejorada minimiza la acumulaci\u00f3n de sudor, ideal para actividades como viajes, entrenamientos o senderismo.<br \/>\n&#8211; \ud83d\udc4dM\u00e1xima Comodidad y Sensaci\u00f3n Natural \u2014 Gracias a su dise\u00f1o ultraligero y articulaciones flexibles, los EUQQ cascos inal\u00e1mbricos Bluetooth deporte se ajustan c\u00f3modamente sobre tus orejas, garantizando estabilidad sin incomodidades. Este dise\u00f1o abierto te permite escuchar el entorno sin renunciar a la calidad de sonido, ideal para actividades donde la seguridad y la interacci\u00f3n social son importantes, como el trabajo o el deporte. \u00a1Olv\u00eddate de quit\u00e1rtelos para conversar!<br \/>\n&#8211; \ud83d\udc4dSonido Est\u00e9reo Realista y Llamadas Claras \u2014 Equipados con drivers din\u00e1micos de 16,3 mm, los EUQQ auriculares inal\u00e1mbricos ofrecen un sonido est\u00e9reo envolvente, capturando cada matiz de tu m\u00fasica favorita. Desde instrumentos hasta voces, experimenta una reproducci\u00f3n impecable. Adem\u00e1s, sus avanzados controladores garantizan comunicaciones n\u00edtidas y sin interrupciones, proporcionando una experiencia de conversaci\u00f3n tan natural como cara a cara.<br \/>\n&#8211; \ud83d\udc4dHasta 50 Horas de Reproducci\u00f3n Ininterrumpida \u2014 Gracias a bater\u00edas de alta densidad y tecnolog\u00eda de carga avanzada, los EUQQ auriculares Bluetooth deportivos ofrecen hasta 10 horas de m\u00fasica continua con una sola carga. Con su estuche de carga, obtendr\u00e1s 40 horas adicionales, para un total de 50 horas de autonom\u00eda. Adem\u00e1s, su funci\u00f3n de carga r\u00e1pida proporciona 1 hora de reproducci\u00f3n con solo 5 minutos de carga.<br \/>\n&#8211; \ud83d\udc4dConectividad Bluetooth 5.3 de \u00daltima Generaci\u00f3n \u2014 Mantente siempre conectado con la tecnolog\u00eda Bluetooth 5.3 avanzada de los EUQQ auriculares de conducci\u00f3n \u00f3sea. Disfruta de transmisiones de datos r\u00e1pidas y conexiones estables dentro de un rango de 10 metros. Su funci\u00f3n inteligente de encendido y conexi\u00f3n autom\u00e1tica garantiza una experiencia de audio sin interrupciones y de baja latencia desde el momento en que sacas los auriculares del estuche.<\/p>\n","protected":false},"excerpt":{"rendered":"<p>EUQQ Auriculares Conduccion Osea &#8211; Audifonos Inalambricos Deportivos Bluetooth para Correr y Running, Auriculares Oseos Bluetooth Inal\u00e1mbricos con Dise\u00f1o Abierto, Comodidad y Seguridad para Ejercicio<br \/>\n<br \/>\n#Publicidad<\/p>\n","protected":false},"featured_media":208,"comment_status":"open","ping_status":"closed","template":"","meta":[],"product_cat":[15],"product_tag":[],"class_list":{"0":"post-209","1":"product","2":"type-product","3":"status-publish","4":"has-post-thumbnail","6":"product_cat-sin-categorizar","8":"first","9":"instock","10":"shipping-taxable","11":"product-type-external"},"_links":{"self":[{"href":"https:\/\/viajesymas.com.es\/index.php\/wp-json\/wp\/v2\/product\/209","targetHints":{"allow":["GET"]}}],"collection":[{"href":"https:\/\/viajesymas.com.es\/index.php\/wp-json\/wp\/v2\/product"}],"about":[{"href":"https:\/\/viajesymas.com.es\/index.php\/wp-json\/wp\/v2\/types\/product"}],"replies":[{"embeddable":true,"href":"https:\/\/viajesymas.com.es\/index.php\/wp-json\/wp\/v2\/comments?post=209"}],"wp:featuredmedia":[{"embeddable":true,"href":"https:\/\/viajesymas.com.es\/index.php\/wp-json\/wp\/v2\/media\/208"}],"wp:attachment":[{"href":"https:\/\/viajesymas.com.es\/index.php\/wp-json\/wp\/v2\/media?parent=209"}],"wp:term":[{"taxonomy":"product_cat","embeddable":true,"href":"https:\/\/viajesymas.com.es\/index.php\/wp-json\/wp\/v2\/product_cat?post=209"},{"taxonomy":"product_tag","embeddable":true,"href":"https:\/\/viajesymas.com.es\/index.php\/wp-json\/wp\/v2\/product_tag?post=209"}],"curies":[{"name":"wp","href":"https:\/\/api.w.org\/{rel}","templated":true}]}}