{"id":207,"date":"2024-12-26T17:01:25","date_gmt":"2024-12-26T17:01:25","guid":{"rendered":"https:\/\/viajesymas.com.es\/index.php\/producto\/b0dhcnq17m\/"},"modified":"2024-12-26T17:01:25","modified_gmt":"2024-12-26T17:01:25","slug":"b0dhcnq17m","status":"publish","type":"product","link":"https:\/\/viajesymas.com.es\/index.php\/producto\/b0dhcnq17m\/","title":{"rendered":"B0DHCNQ17M"},"content":{"rendered":"<p>&#8211; Camara 4g: La camara 4g exterior solar para exteriores funciona a trav\u00e9s de la red 3G\/4G con una transmisi\u00f3n de se\u00f1al estable y r\u00e1pida, perfecta para zonas sin cobertura Wi-Fi, como granjas, huertos y obras de construcci\u00f3n. En el paquete se incluye una tarjeta SIM con 300M de datos de prueba, es necesario comprar un plan de datos cuando los datos de prueba se agoten. Esta c\u00e1mara 4G no soporta conexi\u00f3n WIFI<br \/>\n&#8211; Detecci\u00f3n Inteligente de Movimiento: Esta camara vigilancia con tarjeta sim exteriores cuenta con detecci\u00f3n de humanoide, detecci\u00f3n de \u00e1rea personalizada y detecci\u00f3n de movimiento, lo que reduce la aparici\u00f3n de alarmas provocadas por fen\u00f3menos naturales como p\u00e1jaros volando\/hojas cayendo en un 95%. Una vez detectado el movimiento humanoide en el \u00e1rea designada, recibir\u00e1 inmediatamente una alerta en tiempo real en la app \u00abUbox\u00bb y el v\u00eddeo se grabar\u00e1 en la tarjeta de memoria o en el almacenamiento en la nube.<br \/>\n&#8211; Resolution HD 2K Y Control Remoto: La camara de vigilancia sin wifi cuenta con resoluci\u00f3n HD 2K y zoom digital 4x para garantizar una experiencia superior al ver las im\u00e1genes de vigilancia. La c\u00e1mara alimentada por energ\u00eda solar puede girar 355\u00b0 horizontalmente y 100\u00b0 verticalmente, y puedes controlarla remotamente desde tu aplicaci\u00f3n m\u00f3vil para vigilar diferentes \u00e1reas.<br \/>\n&#8211; F\u00e1cil de Instalar e Impermeable IP66: Camara Solar instalaci\u00f3n es r\u00e1pida e intuitiva; una vez conectada a la aplicaci\u00f3n m\u00f3vil, podr\u00e1s controlar la c\u00e1mara exterior inal\u00e1mbrica de forma remota y ver im\u00e1genes en vivo. La certificaci\u00f3n de resistencia al agua IP66 la hace ideal para su uso en exteriores, y funciona en todo tipo de condiciones meteorol\u00f3gicas al aire libre<br \/>\n&#8211; 2 Opciones de Almacenamiento: La c\u00e1mara vigilancia 4g puede guardar los eventos en una tarjeta de memoria local (hasta 128 GB) o en un servicio en la nube, lo que permite la reproducci\u00f3n y descarga en cualquier momento a trav\u00e9s de la aplicaci\u00f3n Ubox. Gracias a la conexi\u00f3n 4G, puedes compartir la c\u00e1mara con familiares o amigos para ver las im\u00e1genes en vivo juntos.<\/p>\n","protected":false},"excerpt":{"rendered":"<p>SEHMUA 4G LTE Camara Vigilancia Exterior con Panel Solar, 2K PTZ Camara Vigilancia con Tarjeta Sim, Detecci\u00f3n Humana PIR, Visi\u00f3n Nocturna, IP66 Impermeable, PTZ 355\u00b0\/90\u00b0, Audio de Dos V\u00edas<br \/>\n<br \/>\n#Publicidad<\/p>\n","protected":false},"featured_media":206,"comment_status":"open","ping_status":"closed","template":"","meta":[],"product_cat":[15],"product_tag":[],"class_list":{"0":"post-207","1":"product","2":"type-product","3":"status-publish","4":"has-post-thumbnail","6":"product_cat-sin-categorizar","8":"first","9":"instock","10":"shipping-taxable","11":"product-type-external"},"_links":{"self":[{"href":"https:\/\/viajesymas.com.es\/index.php\/wp-json\/wp\/v2\/product\/207","targetHints":{"allow":["GET"]}}],"collection":[{"href":"https:\/\/viajesymas.com.es\/index.php\/wp-json\/wp\/v2\/product"}],"about":[{"href":"https:\/\/viajesymas.com.es\/index.php\/wp-json\/wp\/v2\/types\/product"}],"replies":[{"embeddable":true,"href":"https:\/\/viajesymas.com.es\/index.php\/wp-json\/wp\/v2\/comments?post=207"}],"wp:featuredmedia":[{"embeddable":true,"href":"https:\/\/viajesymas.com.es\/index.php\/wp-json\/wp\/v2\/media\/206"}],"wp:attachment":[{"href":"https:\/\/viajesymas.com.es\/index.php\/wp-json\/wp\/v2\/media?parent=207"}],"wp:term":[{"taxonomy":"product_cat","embeddable":true,"href":"https:\/\/viajesymas.com.es\/index.php\/wp-json\/wp\/v2\/product_cat?post=207"},{"taxonomy":"product_tag","embeddable":true,"href":"https:\/\/viajesymas.com.es\/index.php\/wp-json\/wp\/v2\/product_tag?post=207"}],"curies":[{"name":"wp","href":"https:\/\/api.w.org\/{rel}","templated":true}]}}