{"id":189,"date":"2024-12-26T00:00:46","date_gmt":"2024-12-26T00:00:46","guid":{"rendered":"https:\/\/viajesymas.com.es\/index.php\/producto\/b07jpm87ld\/"},"modified":"2024-12-26T00:00:46","modified_gmt":"2024-12-26T00:00:46","slug":"b07jpm87ld","status":"publish","type":"product","link":"https:\/\/viajesymas.com.es\/index.php\/producto\/b07jpm87ld\/","title":{"rendered":"B07JPM87LD"},"content":{"rendered":"<p>&#8211; PERFECTO- \u00a1Un super todoterreno para tu look diario! JPSTMARCO JJBOWIE &#8211; 12150148 de Jack &amp; Jones.<br \/>\n&#8211; FLEXIBLE &#8211; Dos bolsillos de ojal en la parte trasera y bolsillos frontales inclinados ofrecen mucho espacio.<br \/>\n&#8211; CONFORT &#8211; Ajuste ce\u00f1ido con forma c\u00f3nica en las piernas.<br \/>\n&#8211; MATERIAL &#8211; Tejido el\u00e1stico de 98% algod\u00f3n y 2% elastano.<\/p>\n","protected":false},"excerpt":{"rendered":"<p>Jack &amp; Jones Pantalones Chinos el\u00e1sticos de Hombre Corte c\u00f3nico Ajuste Slim Look Moderno JPSTMARCO JJBOWIE, Color:Armada, Talla de pantal\u00f3n:33W \/ 34L, Largo de la Pierna:L34<br \/>\n<br \/>\n#Publicidad<\/p>\n","protected":false},"featured_media":188,"comment_status":"open","ping_status":"closed","template":"","meta":[],"product_cat":[15],"product_tag":[],"class_list":{"0":"post-189","1":"product","2":"type-product","3":"status-publish","4":"has-post-thumbnail","6":"product_cat-sin-categorizar","8":"first","9":"instock","10":"shipping-taxable","11":"product-type-external"},"_links":{"self":[{"href":"https:\/\/viajesymas.com.es\/index.php\/wp-json\/wp\/v2\/product\/189","targetHints":{"allow":["GET"]}}],"collection":[{"href":"https:\/\/viajesymas.com.es\/index.php\/wp-json\/wp\/v2\/product"}],"about":[{"href":"https:\/\/viajesymas.com.es\/index.php\/wp-json\/wp\/v2\/types\/product"}],"replies":[{"embeddable":true,"href":"https:\/\/viajesymas.com.es\/index.php\/wp-json\/wp\/v2\/comments?post=189"}],"wp:featuredmedia":[{"embeddable":true,"href":"https:\/\/viajesymas.com.es\/index.php\/wp-json\/wp\/v2\/media\/188"}],"wp:attachment":[{"href":"https:\/\/viajesymas.com.es\/index.php\/wp-json\/wp\/v2\/media?parent=189"}],"wp:term":[{"taxonomy":"product_cat","embeddable":true,"href":"https:\/\/viajesymas.com.es\/index.php\/wp-json\/wp\/v2\/product_cat?post=189"},{"taxonomy":"product_tag","embeddable":true,"href":"https:\/\/viajesymas.com.es\/index.php\/wp-json\/wp\/v2\/product_tag?post=189"}],"curies":[{"name":"wp","href":"https:\/\/api.w.org\/{rel}","templated":true}]}}