{"id":181,"date":"2024-12-24T16:00:39","date_gmt":"2024-12-24T16:00:39","guid":{"rendered":"https:\/\/viajesymas.com.es\/index.php\/producto\/b07w5jkhfz\/"},"modified":"2024-12-24T16:00:39","modified_gmt":"2024-12-24T16:00:39","slug":"b07w5jkhfz","status":"publish","type":"product","link":"https:\/\/viajesymas.com.es\/index.php\/producto\/b07w5jkhfz\/","title":{"rendered":"B07W5JKHFZ"},"content":{"rendered":"<p>&#8211; Para cualquier superficie con 8K DPI: un rat\u00f3n para PC MX Master 3S para trabajar en cualquier lugar, incluso sobre cristal (1) con el sensor mejorado de 8000 DPI y la sensibilidad personalizable<br \/>\n&#8211; Redise\u00f1ado con clics silenciosos: el rat\u00f3n MX Master 3S Bluetooth introduce Quiet Clicks, que ofrece la misma sensaci\u00f3n de satisfacci\u00f3n pero con un 90 por ciento menos de ruido de clic (2)<br \/>\n&#8211; Desplazamiento Magspeed: rat\u00f3n de ordenador silencioso con gran velocidad y precisi\u00f3n gracias al desplazamiento MagSpeed, 90 por ciento m\u00e1s r\u00e1pido (3), 87% m\u00e1s preciso(4) y silencioso<br \/>\n&#8211; Dise\u00f1o ergon\u00f3mico: trabaja c\u00f3modamente con un rat\u00f3n de precisi\u00f3n que presenta una silueta elaborada para una postura m\u00e1s natural de la mu\u00f1eca y unos controles para el pulgar adecuadamente situados<br \/>\n&#8211; Software de personalizaci\u00f3n: personaliza los botones y optimiza tu flujo de trabajo con perfiles espec\u00edficos de la aplicaci\u00f3n en el mejorado Logi Options+ (5)<br \/>\n&#8211; Control entre ordenadores FLOW: trabaja sin problemas en varios ordenadores o port\u00e1tiles, y transfiera texto, im\u00e1genes y archivos &#8211; entre Windows y macOS (5)<br \/>\n&#8211; Las piezas de pl\u00e1stico en MX Master 3S incluyen pl\u00e1stico reciclado posconsumo con certificaci\u00f3n (grafito y negro: 27%, gris p\u00e1lido: 22%(10); con certificaci\u00f3n de carbono neutro<\/p>\n","protected":false},"excerpt":{"rendered":"<p>Logitech MX Master 3S &#8211; Rat\u00f3n Inal\u00e1mbrico Performance con Desplazamiento R\u00e1pido, Ergo, 8K DPI, Funciona sobre Cristal, Clics Silenciosos, USB-C, Bluetooth, Windows, Linux, Chrome &#8211; Grafito<br \/>\n<br \/>\n#Publicidad<\/p>\n","protected":false},"featured_media":180,"comment_status":"open","ping_status":"closed","template":"","meta":[],"product_cat":[15],"product_tag":[],"class_list":{"0":"post-181","1":"product","2":"type-product","3":"status-publish","4":"has-post-thumbnail","6":"product_cat-sin-categorizar","8":"first","9":"instock","10":"shipping-taxable","11":"product-type-external"},"_links":{"self":[{"href":"https:\/\/viajesymas.com.es\/index.php\/wp-json\/wp\/v2\/product\/181","targetHints":{"allow":["GET"]}}],"collection":[{"href":"https:\/\/viajesymas.com.es\/index.php\/wp-json\/wp\/v2\/product"}],"about":[{"href":"https:\/\/viajesymas.com.es\/index.php\/wp-json\/wp\/v2\/types\/product"}],"replies":[{"embeddable":true,"href":"https:\/\/viajesymas.com.es\/index.php\/wp-json\/wp\/v2\/comments?post=181"}],"wp:featuredmedia":[{"embeddable":true,"href":"https:\/\/viajesymas.com.es\/index.php\/wp-json\/wp\/v2\/media\/180"}],"wp:attachment":[{"href":"https:\/\/viajesymas.com.es\/index.php\/wp-json\/wp\/v2\/media?parent=181"}],"wp:term":[{"taxonomy":"product_cat","embeddable":true,"href":"https:\/\/viajesymas.com.es\/index.php\/wp-json\/wp\/v2\/product_cat?post=181"},{"taxonomy":"product_tag","embeddable":true,"href":"https:\/\/viajesymas.com.es\/index.php\/wp-json\/wp\/v2\/product_tag?post=181"}],"curies":[{"name":"wp","href":"https:\/\/api.w.org\/{rel}","templated":true}]}}