{"id":175,"date":"2024-12-23T23:40:26","date_gmt":"2024-12-23T23:40:26","guid":{"rendered":"https:\/\/viajesymas.com.es\/index.php\/producto\/b0cf1q67f1\/"},"modified":"2024-12-23T23:40:26","modified_gmt":"2024-12-23T23:40:26","slug":"b0cf1q67f1","status":"publish","type":"product","link":"https:\/\/viajesymas.com.es\/index.php\/producto\/b0cf1q67f1\/","title":{"rendered":"B0CF1Q67F1"},"content":{"rendered":"<p>&#8211; \u3010Adaptador de iPhone certificado por Apple MFi\u3011Con este adaptador Lightning a conector de auriculares de 3,5 mm, podr\u00e1 conectar iPhone 14\/14 Pro\/14 Pro Max\/14 Plus\/13\/13 Pro\/13 Pro Max\/13 Mini\/12\/ 12 Pro\/12 Pro Max\/12 Mini\/11\/11 Pro\/11Pro Max\/XS\/XS Max\/XR \/X\/8 7 6 Plus y otros dispositivos de interfaz Lightning usan auriculares para escuchar m\u00fasica. Admite todos los sistemas iOS (nota: el producto no es compatible con la serie iPhone SE y los micr\u00f3fonos)<br \/>\n&#8211; \u3010Plug and Play\u3011No se requiere software adicional, solo con\u00e9ctelo y disfrute de una calidad de sonido pura de alta fidelidad. Este adaptador auxiliar para iPhone le permite disfrutar de su m\u00fasica, pel\u00edculas y videos favoritos a trav\u00e9s de auriculares con conector de 3,5 mm, que tambi\u00e9n es ideal para deportes. Complemento perfecto para todos los auriculares de 3,5 mm.<br \/>\n&#8211; \u3010Disfrute de la calidad de sonido de alta fidelidad\u3011 El n\u00facleo 100% de cobre garantiza una transmisi\u00f3n de se\u00f1al estable y de alta velocidad, admite salida de audio de 48k HZ y 24 bits, le brinda un sonido perfecto y m\u00fasica de alta fidelidad, y le brinda una experiencia de calidad de sonido perfecta .<br \/>\n&#8211; \u3010Port\u00e1til y conveniente\u3011 Ligero, f\u00e1cil de transportar, se puede usar en varios lugares, como el trabajo, la vida, los viajes, las fiestas, los deportes, etc., lo que hace que su vida sea m\u00e1s conveniente. Admite reproducci\u00f3n y pausa de m\u00fasica, ajuste de volumen y reproducci\u00f3n de la canci\u00f3n anterior o siguiente.<br \/>\n&#8211; \u3010Lo que obtienes\u3011Obtendr\u00e1s dos adaptadores de auriculares para iPhone, y tambi\u00e9n ofrecemos una garant\u00eda de 24 meses sin preocupaciones y un servicio posventa amigable. Si tiene alg\u00fan problema con estos dongles para iPhone, comun\u00edquese con nuestro equipo de servicio para obtener asistencia r\u00e1pida, le responderemos dentro de las 12 horas.<\/p>\n","protected":false},"excerpt":{"rendered":"<p>2 Pack Adaptador Auriculares iPhone [Certificado Apple MFi] &#8211; Lightning to Jack 3.5mm para Cascos Aux Audio &#8211; Cable Jack Accesorios Kompatibel mit iPhone 14\/13\/12\/11\/Xs\/XR\/X\/8\/7 f\u00fcr Alle iOS<br \/>\n<br \/>\n#Publicidad<\/p>\n","protected":false},"featured_media":174,"comment_status":"open","ping_status":"closed","template":"","meta":[],"product_cat":[15],"product_tag":[],"class_list":{"0":"post-175","1":"product","2":"type-product","3":"status-publish","4":"has-post-thumbnail","6":"product_cat-sin-categorizar","8":"first","9":"instock","10":"shipping-taxable","11":"product-type-external"},"_links":{"self":[{"href":"https:\/\/viajesymas.com.es\/index.php\/wp-json\/wp\/v2\/product\/175","targetHints":{"allow":["GET"]}}],"collection":[{"href":"https:\/\/viajesymas.com.es\/index.php\/wp-json\/wp\/v2\/product"}],"about":[{"href":"https:\/\/viajesymas.com.es\/index.php\/wp-json\/wp\/v2\/types\/product"}],"replies":[{"embeddable":true,"href":"https:\/\/viajesymas.com.es\/index.php\/wp-json\/wp\/v2\/comments?post=175"}],"wp:featuredmedia":[{"embeddable":true,"href":"https:\/\/viajesymas.com.es\/index.php\/wp-json\/wp\/v2\/media\/174"}],"wp:attachment":[{"href":"https:\/\/viajesymas.com.es\/index.php\/wp-json\/wp\/v2\/media?parent=175"}],"wp:term":[{"taxonomy":"product_cat","embeddable":true,"href":"https:\/\/viajesymas.com.es\/index.php\/wp-json\/wp\/v2\/product_cat?post=175"},{"taxonomy":"product_tag","embeddable":true,"href":"https:\/\/viajesymas.com.es\/index.php\/wp-json\/wp\/v2\/product_tag?post=175"}],"curies":[{"name":"wp","href":"https:\/\/api.w.org\/{rel}","templated":true}]}}