{"id":167,"date":"2024-12-23T19:42:46","date_gmt":"2024-12-23T19:42:46","guid":{"rendered":"https:\/\/viajesymas.com.es\/index.php\/producto\/b0chs145vp\/"},"modified":"2024-12-23T19:42:46","modified_gmt":"2024-12-23T19:42:46","slug":"b0chs145vp","status":"publish","type":"product","link":"https:\/\/viajesymas.com.es\/index.php\/producto\/b0chs145vp\/","title":{"rendered":"B0CHS145VP"},"content":{"rendered":"<p>&#8211; \u3010Reloj Inteligente Ni\u00f1o y Ni\u00f1a\u3011 El Ucani smartwatch infantil est\u00e1 dise\u00f1ado para ni\u00f1os y ni\u00f1as de 3 a 12 a\u00f1os, y es mucho m\u00e1s que un reloj de pulsera digital. Con llamadas, SOS, juegos, pod\u00f3metro, m\u00fasica, c\u00e1mara, despertador, linterna, calculadora, calendario, temporizador, cron\u00f3metro y muchas otras caracter\u00edsticas, este smart watch kid brinda una experiencia completa. Tambi\u00e9n incluye funciones de h\u00e1bitos, audiolibros y tarjeta educativa especialmente desarrollados para los ni\u00f1os m\u00e1s peque\u00f1os.<br \/>\n&#8211; \u3010Reloj Telefono Ni\u00f1os con SOS\u3011 Mant\u00e9n a tu beb\u00e9 conectado insertando una tarjeta SIM 2G en este reloj inteligente para ni\u00f1os. Podr\u00e1n hacer y recibir llamadas desde el smartwatch e incluso realizar llamadas de emergencia SOS con solo un doble clic. Incluso sin la tarjeta SIM, todav\u00eda tendr\u00e1n acceso a funciones del reloj infantil ni\u00f1o, como el pod\u00f3metro, los juegos, la m\u00fasica, la c\u00e1mara y la alarma.<br \/>\n&#8211; \u301022 Juegos y 8 Audiolibro\u3011 Este reloj inteligente para ni\u00f1os ofrece 22 emocionantes juegos. Tus hijos podr\u00e1n disfrutar de juegos entretenidos que estimular\u00e1n su mente y favorecer\u00e1n su aprendizaje. Adem\u00e1s de los juegos, este reloj t\u00e1ctil ofrece una selecci\u00f3n de 8 audiolibros cuidadosamente elegidos, estimulando la curiosidad de los ni\u00f1os y fomentando su desarrollo ling\u00fc\u00edstico e imaginaci\u00f3n.<br \/>\n&#8211; \u3010C\u00e1mara Dual y M\u00fasica\u3011 Este reloj smartwatch ni\u00f1os tiene dos c\u00e1maras que permiten a los ni\u00f1os capturar f\u00e1cilmente momentos especiales con fotos y videos. Los divertidos bordes y pegatinas a\u00f1aden diversi\u00f3n a las creaciones de los peque\u00f1os. Adem\u00e1s, este smart watch for kids cuenta con un reproductor de m\u00fasica integrado. Mediante simples operaciones en la pantalla t\u00e1ctil, tu beb\u00e9 puede acceder a sus canciones, historias y otros contenidos de audio favoritos.<br \/>\n&#8211; \u3010Regalos para Ni\u00f1o y Ni\u00f1a\u3011 Sorprenda a su hijo\/a con este incre\u00edble reloj inteligente ni\u00f1os dise\u00f1ado especialmente para ellos. No solo ofrece funciones convencionales, sino que tambi\u00e9n cuenta con caracter\u00edsticas \u00fanicas como seguimiento de h\u00e1bitos y tarjetas de aprendizaje de ingl\u00e9s, que los ayudar\u00e1n en su desarrollo diario. Este smartwatch es el regalo ideal para cualquier ocasi\u00f3n especial, ya sea su cumplea\u00f1os, el D\u00eda de los Reyes Magos o la Navidad.<\/p>\n","protected":false},"excerpt":{"rendered":"<p>Reloj Inteligente &#8211; Smartwatch para Ni\u00f1o con Llamadas, Juegos, Pod\u00f3metro, C\u00e1mara, M\u00fasica, Despertador, Linterna, Audiolibro, Relojes Tel\u00e9fono Regalos para Infantil 3-12 A\u00f1os (Azul Marino)<br \/>\n<br \/>\n#Publicidad<\/p>\n","protected":false},"featured_media":166,"comment_status":"open","ping_status":"closed","template":"","meta":[],"product_cat":[15],"product_tag":[],"class_list":{"0":"post-167","1":"product","2":"type-product","3":"status-publish","4":"has-post-thumbnail","6":"product_cat-sin-categorizar","8":"first","9":"instock","10":"shipping-taxable","11":"product-type-external"},"_links":{"self":[{"href":"https:\/\/viajesymas.com.es\/index.php\/wp-json\/wp\/v2\/product\/167","targetHints":{"allow":["GET"]}}],"collection":[{"href":"https:\/\/viajesymas.com.es\/index.php\/wp-json\/wp\/v2\/product"}],"about":[{"href":"https:\/\/viajesymas.com.es\/index.php\/wp-json\/wp\/v2\/types\/product"}],"replies":[{"embeddable":true,"href":"https:\/\/viajesymas.com.es\/index.php\/wp-json\/wp\/v2\/comments?post=167"}],"wp:featuredmedia":[{"embeddable":true,"href":"https:\/\/viajesymas.com.es\/index.php\/wp-json\/wp\/v2\/media\/166"}],"wp:attachment":[{"href":"https:\/\/viajesymas.com.es\/index.php\/wp-json\/wp\/v2\/media?parent=167"}],"wp:term":[{"taxonomy":"product_cat","embeddable":true,"href":"https:\/\/viajesymas.com.es\/index.php\/wp-json\/wp\/v2\/product_cat?post=167"},{"taxonomy":"product_tag","embeddable":true,"href":"https:\/\/viajesymas.com.es\/index.php\/wp-json\/wp\/v2\/product_tag?post=167"}],"curies":[{"name":"wp","href":"https:\/\/api.w.org\/{rel}","templated":true}]}}