{"id":157,"date":"2024-12-22T00:00:47","date_gmt":"2024-12-22T00:00:47","guid":{"rendered":"https:\/\/viajesymas.com.es\/index.php\/producto\/b07h4k1bq6\/"},"modified":"2024-12-22T00:00:47","modified_gmt":"2024-12-22T00:00:47","slug":"b07h4k1bq6","status":"publish","type":"product","link":"https:\/\/viajesymas.com.es\/index.php\/producto\/b07h4k1bq6\/","title":{"rendered":"B07H4K1BQ6"},"content":{"rendered":"<p>&#8211; MARCA DAVID JONES: Bolsos para ni\u00f1a, se\u00f1ora, mujer. Dise\u00f1ado en Par\u00eds Francia &#8211; Fabricado con piel sint\u00e9tica de primera calidad. Detalles y acabados de calidad.<br \/>\n&#8211; DESIGN &amp; TIPO DE BOLSOS: Bolso bandolera peque\u00f1o con forma de trapecio para mujer. Bolso de hombro c\u00f3modo para todos los d\u00edas, f\u00e1cil de usar: ciudad, viaje, shopping, fiesta, trabajo, noche.<br \/>\n&#8211; MATERIAL &amp; DETALLES: Imitaci\u00f3n de cuero PU liso semirr\u00edgido, genuino estilo. Elementos met\u00e1licos plateados. Elegante mensajero embrague. Designer clutch pochette.<br \/>\n&#8211; CIERRE &amp; DIMENSIONES: Cierre con cremallera. Longitud 21 x Altura 16 x Ancho 9 cm.<br \/>\n&#8211; CORREA: Ajustable, en cadenas de plata y cuero PU, usada sobre el hombro o cruzado. BOLSILLOS: Interior: 1 bolsillo, 1 bolsillo con cremallera.<\/p>\n","protected":false},"excerpt":{"rendered":"<p>David Jones &#8211; Bolso bandolera para mujer, dise\u00f1o de trapecio con cadena para el hombro de piel sint\u00e9tica \u2013 Bolsa cruzada a trav\u00e9s de la bolsa de noche, moda de trabajo, compras, elegante a la moda,<br \/>\n<br \/>\n#Publicidad<\/p>\n","protected":false},"featured_media":156,"comment_status":"open","ping_status":"closed","template":"","meta":[],"product_cat":[15],"product_tag":[],"class_list":{"0":"post-157","1":"product","2":"type-product","3":"status-publish","4":"has-post-thumbnail","6":"product_cat-sin-categorizar","8":"first","9":"instock","10":"shipping-taxable","11":"product-type-external"},"_links":{"self":[{"href":"https:\/\/viajesymas.com.es\/index.php\/wp-json\/wp\/v2\/product\/157","targetHints":{"allow":["GET"]}}],"collection":[{"href":"https:\/\/viajesymas.com.es\/index.php\/wp-json\/wp\/v2\/product"}],"about":[{"href":"https:\/\/viajesymas.com.es\/index.php\/wp-json\/wp\/v2\/types\/product"}],"replies":[{"embeddable":true,"href":"https:\/\/viajesymas.com.es\/index.php\/wp-json\/wp\/v2\/comments?post=157"}],"wp:featuredmedia":[{"embeddable":true,"href":"https:\/\/viajesymas.com.es\/index.php\/wp-json\/wp\/v2\/media\/156"}],"wp:attachment":[{"href":"https:\/\/viajesymas.com.es\/index.php\/wp-json\/wp\/v2\/media?parent=157"}],"wp:term":[{"taxonomy":"product_cat","embeddable":true,"href":"https:\/\/viajesymas.com.es\/index.php\/wp-json\/wp\/v2\/product_cat?post=157"},{"taxonomy":"product_tag","embeddable":true,"href":"https:\/\/viajesymas.com.es\/index.php\/wp-json\/wp\/v2\/product_tag?post=157"}],"curies":[{"name":"wp","href":"https:\/\/api.w.org\/{rel}","templated":true}]}}