{"id":147,"date":"2024-12-21T18:01:26","date_gmt":"2024-12-21T18:01:26","guid":{"rendered":"https:\/\/viajesymas.com.es\/index.php\/producto\/b0cwxtjp3t\/"},"modified":"2024-12-21T18:01:26","modified_gmt":"2024-12-21T18:01:26","slug":"b0cwxtjp3t","status":"publish","type":"product","link":"https:\/\/viajesymas.com.es\/index.php\/producto\/b0cwxtjp3t\/","title":{"rendered":"B0CWXTJP3T"},"content":{"rendered":"<p>&#8211; SISTEMA DE DUCHA: Sum\u00e9rjase en el lujo definitivo del ba\u00f1o con nuestro cabezal de ducha de alta calidad. Fabricado con material ABS resistente, combina un dise\u00f1o exquisito con una calidad duradera. Nuestro exclusivo cartucho interno de filtro con vitamina C, Hazlo especial para una experiencia de ducha incomparable.<br \/>\n&#8211; PROCESO DE FILTRACI\u00d3N DE 36 ETAPAS INNOVADOR: Disfrute de la pura alegr\u00eda del agua gracias a nuestro avanzado filtro de ducha. Con un sistema de m\u00faltiples etapas y tecnolog\u00eda KDF-55 de \u00faltima generaci\u00f3n, elimina f\u00e1cilmente los metales pesados y garantiza un flujo de agua impecable. La adici\u00f3n de vitamina C nutre su piel durante la ducha y proporciona hidrataci\u00f3n natural.<br \/>\n&#8211; SEGURO Y EFICAZ: Disfrute de una experiencia de ducha revitalizante que lleva su rutina de cuidado de la piel a un nuevo nivel. Nuestro sistema de ducha limpia suavemente y de manera efectiva, minimiza los poros visibles y mejora con el tiempo la textura de su piel.<br \/>\n&#8211; COMPATIBLE CON TODOS: Nuestro sistema de ducha se adapta a todo tipo de cabezales de ducha, ya sea est\u00e1ndar, de mano, de lluvia o empotrado. La instalaci\u00f3n es sencilla y no requiere herramientas adicionales.<br \/>\n&#8211; FILTROS INTERCAMBIABLES: Con dos cartuchos de filtro f\u00e1cilmente extra\u00edbles, garantizamos frescura duradera y un flujo de agua ininterrumpido. Cambie los filtros sin problemas y disfrute de una experiencia de ducha siempre refrescante.(En total 2 cartuchos de filtro de ducha, 1 ya en la bandeja del filtro y 1 para reemplazo futuro)<\/p>\n","protected":false},"excerpt":{"rendered":"<p>36 etapas Filto de ducha de con vitamina C para agua dura &#8211; Filtro de cabezal de ducha con cartucho intercambiable para remover cloro y metales pesados<br \/>\n<br \/>\n#Publicidad<\/p>\n","protected":false},"featured_media":146,"comment_status":"open","ping_status":"closed","template":"","meta":[],"product_cat":[15],"product_tag":[],"class_list":{"0":"post-147","1":"product","2":"type-product","3":"status-publish","4":"has-post-thumbnail","6":"product_cat-sin-categorizar","8":"first","9":"instock","10":"shipping-taxable","11":"product-type-external"},"_links":{"self":[{"href":"https:\/\/viajesymas.com.es\/index.php\/wp-json\/wp\/v2\/product\/147","targetHints":{"allow":["GET"]}}],"collection":[{"href":"https:\/\/viajesymas.com.es\/index.php\/wp-json\/wp\/v2\/product"}],"about":[{"href":"https:\/\/viajesymas.com.es\/index.php\/wp-json\/wp\/v2\/types\/product"}],"replies":[{"embeddable":true,"href":"https:\/\/viajesymas.com.es\/index.php\/wp-json\/wp\/v2\/comments?post=147"}],"wp:featuredmedia":[{"embeddable":true,"href":"https:\/\/viajesymas.com.es\/index.php\/wp-json\/wp\/v2\/media\/146"}],"wp:attachment":[{"href":"https:\/\/viajesymas.com.es\/index.php\/wp-json\/wp\/v2\/media?parent=147"}],"wp:term":[{"taxonomy":"product_cat","embeddable":true,"href":"https:\/\/viajesymas.com.es\/index.php\/wp-json\/wp\/v2\/product_cat?post=147"},{"taxonomy":"product_tag","embeddable":true,"href":"https:\/\/viajesymas.com.es\/index.php\/wp-json\/wp\/v2\/product_tag?post=147"}],"curies":[{"name":"wp","href":"https:\/\/api.w.org\/{rel}","templated":true}]}}