{"id":137,"date":"2024-12-21T17:59:25","date_gmt":"2024-12-21T17:59:25","guid":{"rendered":"https:\/\/viajesymas.com.es\/index.php\/producto\/b0dhvpt5jr\/"},"modified":"2024-12-21T17:59:25","modified_gmt":"2024-12-21T17:59:25","slug":"b0dhvpt5jr","status":"publish","type":"product","link":"https:\/\/viajesymas.com.es\/index.php\/producto\/b0dhvpt5jr\/","title":{"rendered":"B0DHVPT5JR"},"content":{"rendered":"<p>&#8211; Marco de Diamantes, Elegante y Lujoso: Fitnynxos reloj inteligente mujer tiene un dise\u00f1o de marco \u00fanico con incrustaciones de diamantes de cristal, combinado con una caja finamente pulida, extremadamente brillante, que resalta f\u00e1cilmente la elegancia y la intelectualidad de las mujeres. Hay 2 estilos diferentes de correas de reloj de moda para a\u00f1aden brillo a la cuidadosa combinaci\u00f3n de las mujeres. Son regalos rom\u00e1nticos para mujeres en cumplea\u00f1os, Navidad, aniversarios y otros festivales.<br \/>\n&#8211; Cuidado \u00cdntimo, Centrado en La Mujer: Fitnynxos smartwatch mujer se centran en el cuidado de la mujer en todas las etapas. El reloj registrar\u00e1 y le recordar\u00e1 cuidadosamente su per\u00edodo menstrual, fecha de ovulaci\u00f3n y ciclo de embarazo. En sus d\u00edas ocupados, siempre prestamos mucha atenci\u00f3n a cada d\u00eda especial. El reloj inteligente mujer con llamadas tambi\u00e9n registrar\u00e1 sus datos de sue\u00f1o nocturno y proporcionar\u00e1 an\u00e1lisis por etapas y recomendaciones de sue\u00f1o basadas en sus condiciones de sue\u00f1o.<br \/>\n&#8211; 24\/7 Proteja Su Salud: gracias al sensor de alta precisi\u00f3n, el relojes inteligentes mujer puede monitorear con precisi\u00f3n su frecuencia card\u00edaca las 24H. Puede usar el reloj para detectar la presi\u00f3n arterial y el ox\u00edgeno en la sangre, y ver los \u00faltimos 7 datos de salud, lo que le permite comprender su salud. El reloj inteligente mujer tambi\u00e9n cuenta con recordatorios de sedentarismo, recordatorios de agua potable y ejercicios de respiraci\u00f3n para ayudarte a desarrollar h\u00e1bitos de vida saludables.<br \/>\n&#8211; Construya un Cuerpo en Forma: el reloj deportivo mujer resistente al agua IP68 tiene m\u00e1s de 130 deportivos para satisfacer sus necesidades deportivas. Al hacer ejercicio, el reloj registrar\u00e1 datos, como la duraci\u00f3n del ejercicio, la frecuencia card\u00edaca, el ritmo, la distancia, los pasos y las calor\u00edas. Deja que cada ejercicio que hagas tenga huellas a seguir y te ayude a moldear tu figura ideal. El reloj inteligente mujer tiene clima, temporizador y m\u00fasica para brindarle m\u00e1s comodidad.<br \/>\n&#8211; No Vuelvas a Perder Mensajes: Con el chip Bluetooth 5.3 recientemente actualizado, el reloj smartwatch mujer puede recibir llamadas, SMS, correos electr\u00f3nicos y notificaciones de tel\u00e9fonos en tiempo real (WhatsApp, Facebook&#8230;), llamadas de soporte directamente en el reloj, a\u00f1adir 10 contactos de uso frecuente y comunicarse m\u00e1s r\u00e1pido. El reloj mujer tiene una bater\u00eda de larga duraci\u00f3n de 300 mAh que dura hasta 5 d\u00edas. El reloj es compatible con Android 9.0 o iOS 9.0 y superiores.<\/p>\n","protected":false},"excerpt":{"rendered":"<p>Fitnynxos Reloj Inteligente Mujer, 1,75&#8243; Smartwatch Mujer con Llamada, 130+ Deportivos, Funci\u00f3n Femenina\/24H Puls\u00f3metro\/SpO2, Monitor Sue\u00f1o, 300+ Diales, Pod\u00f3metro, Android iOS Rosa Oro, Regalo Mujer<br \/>\n<br \/>\n#Publicidad<\/p>\n","protected":false},"featured_media":136,"comment_status":"open","ping_status":"closed","template":"","meta":[],"product_cat":[15],"product_tag":[],"class_list":{"0":"post-137","1":"product","2":"type-product","3":"status-publish","4":"has-post-thumbnail","6":"product_cat-sin-categorizar","8":"first","9":"instock","10":"shipping-taxable","11":"product-type-external"},"_links":{"self":[{"href":"https:\/\/viajesymas.com.es\/index.php\/wp-json\/wp\/v2\/product\/137","targetHints":{"allow":["GET"]}}],"collection":[{"href":"https:\/\/viajesymas.com.es\/index.php\/wp-json\/wp\/v2\/product"}],"about":[{"href":"https:\/\/viajesymas.com.es\/index.php\/wp-json\/wp\/v2\/types\/product"}],"replies":[{"embeddable":true,"href":"https:\/\/viajesymas.com.es\/index.php\/wp-json\/wp\/v2\/comments?post=137"}],"wp:featuredmedia":[{"embeddable":true,"href":"https:\/\/viajesymas.com.es\/index.php\/wp-json\/wp\/v2\/media\/136"}],"wp:attachment":[{"href":"https:\/\/viajesymas.com.es\/index.php\/wp-json\/wp\/v2\/media?parent=137"}],"wp:term":[{"taxonomy":"product_cat","embeddable":true,"href":"https:\/\/viajesymas.com.es\/index.php\/wp-json\/wp\/v2\/product_cat?post=137"},{"taxonomy":"product_tag","embeddable":true,"href":"https:\/\/viajesymas.com.es\/index.php\/wp-json\/wp\/v2\/product_tag?post=137"}],"curies":[{"name":"wp","href":"https:\/\/api.w.org\/{rel}","templated":true}]}}