{"id":123,"date":"2024-12-21T08:36:50","date_gmt":"2024-12-21T08:36:50","guid":{"rendered":"https:\/\/viajesymas.com.es\/index.php\/producto\/b0dfwn8dqq\/"},"modified":"2024-12-21T08:36:50","modified_gmt":"2024-12-21T08:36:50","slug":"b0dfwn8dqq","status":"publish","type":"product","link":"https:\/\/viajesymas.com.es\/index.php\/producto\/b0dfwn8dqq\/","title":{"rendered":"B0DFWN8DQQ"},"content":{"rendered":"<p>&#8211; \ud83c\udf4cPotente Funci\u00f3n de Masaje: M\u00faltiples Funciones para Maximizar el Placer Y Relajar Los M\u00fasculos Despu\u00e9s de un Largo Entrenamiento.<br \/>\n&#8211; \ud83c\udf4cMaterial De: Este Producto Est\u00e1 Hecho de Silicona, Que Es Flexible, Saludable Y C\u00f3modo Y Suave Al Tacto.<br \/>\n&#8211; \ud83c\udf4cUsb de Carga R\u00e1pida: Carga Magn\u00e9tica Segura Y C\u00f3moda, sin Necesidad de Buscar Pilas Nunca Y Su Tama\u00f1o Perfecto Es Muy C\u00f3modo de Usar Cuando Est\u00e1s Fuera de Casa O de Viaje.<br \/>\n&#8211; \ud83c\udf4c100% Resistente Al Agua: el Silicona Es Resistente Al Agua Y Es una Gran Opci\u00f3n para la Ducha O la Piscina. Te Proporciona el Placer de un Masaje Bajo el Agua.<br \/>\n&#8211; \ud83c\udf4cServicio Garantizado: sin Im\u00e1genes Ni Texto Sensible en el Embalaje, Nadie Sabr\u00e1 Lo Que Has Comprado Y Podr\u00e1s Comprar con Confianza.<\/p>\n","protected":false},"excerpt":{"rendered":"<p>JOURLOVE Massager V\u012bbr\u01ced\u00f8r Hombre Versi\u00f3n del mando a distancia H\u0151mbr\u00ea \u1e7ei\u1e07r\u1e01dr\u1e01\u1e11or h\u00f5mbr\u00e8 Sex\u01d2 An\u01cel V\u012bbr\u01ced\u00f8r,E\u0219t\u00eem\u00f9l\u00e2d\u0151r pr\u00f8st\u0101t\u00e5 V\u00efbr\u00e0d\u0151r M\u00e1s\u00e0je\u00e1d\u0151r 9 * 9 modos USB Recharge (Negro D)<br \/>\n<br \/>\n#Publicidad<\/p>\n","protected":false},"featured_media":122,"comment_status":"open","ping_status":"closed","template":"","meta":[],"product_cat":[15],"product_tag":[],"class_list":{"0":"post-123","1":"product","2":"type-product","3":"status-publish","4":"has-post-thumbnail","6":"product_cat-sin-categorizar","8":"first","9":"instock","10":"shipping-taxable","11":"product-type-external"},"_links":{"self":[{"href":"https:\/\/viajesymas.com.es\/index.php\/wp-json\/wp\/v2\/product\/123","targetHints":{"allow":["GET"]}}],"collection":[{"href":"https:\/\/viajesymas.com.es\/index.php\/wp-json\/wp\/v2\/product"}],"about":[{"href":"https:\/\/viajesymas.com.es\/index.php\/wp-json\/wp\/v2\/types\/product"}],"replies":[{"embeddable":true,"href":"https:\/\/viajesymas.com.es\/index.php\/wp-json\/wp\/v2\/comments?post=123"}],"wp:featuredmedia":[{"embeddable":true,"href":"https:\/\/viajesymas.com.es\/index.php\/wp-json\/wp\/v2\/media\/122"}],"wp:attachment":[{"href":"https:\/\/viajesymas.com.es\/index.php\/wp-json\/wp\/v2\/media?parent=123"}],"wp:term":[{"taxonomy":"product_cat","embeddable":true,"href":"https:\/\/viajesymas.com.es\/index.php\/wp-json\/wp\/v2\/product_cat?post=123"},{"taxonomy":"product_tag","embeddable":true,"href":"https:\/\/viajesymas.com.es\/index.php\/wp-json\/wp\/v2\/product_tag?post=123"}],"curies":[{"name":"wp","href":"https:\/\/api.w.org\/{rel}","templated":true}]}}