{"id":111,"date":"2024-12-21T01:20:36","date_gmt":"2024-12-21T01:20:36","guid":{"rendered":"https:\/\/viajesymas.com.es\/index.php\/producto\/b074kv9tt4\/"},"modified":"2024-12-21T01:20:36","modified_gmt":"2024-12-21T01:20:36","slug":"b074kv9tt4","status":"publish","type":"product","link":"https:\/\/viajesymas.com.es\/index.php\/producto\/b074kv9tt4\/","title":{"rendered":"B074KV9TT4"},"content":{"rendered":"<p>&#8211; BOLSILLOS M\u00daLTIPLES CAPACIDAD GRANDE: Esta mochila ordenador port\u00e1til tiene una 3 compartimentos principales, 12 bolsillos peque\u00f1os y 2 bolsillos laterales. Uno de los compartimentos principales ofrece un espacio separado para su port\u00e1til o Tablet. Los dem\u00e1s compartimentos ofrecen un amplio espacio para almacenar bol\u00edgrafos, llaves, billetera, libros, neceser peque\u00f1o, ropa, botella. En esta mochila es f\u00e1cil de encontrar lo que quieras<br \/>\n&#8211; DIMENSIONES: 45 x 19,8 x 30 cm (18 x 7.8 x 12 Pulgadas). La mochila para computadora port\u00e1til de viaje se aplica a computadoras de hasta 15,6 pulgadas, 15 pulgadas, 14 pulgadas y 13 pulgadas + tableta de hasta 12,9 pulgadas, 9,7 pulgadas y 7,9 pulgadas<br \/>\n&#8211; DISE\u00d1O DEL PUERTO DE CARGA USB Y BOLSILLO ANTIRROBO: Un bolsillo antirrobo oculto detr\u00e1s protege elementos importantes como billetera, pasaporte, tarjeta de cr\u00e9dito, auriculares. Con el cargador USB externo y el cable de carga incorporado, esta mochila usb le ofrece un accesorio m\u00e1s conveniente manera de cargar tu tel\u00e9fono mientras caminas<br \/>\n&#8211; EL MOCHILA REFORZADA PARA VIDA COTIDIANA: C\u00f3modo dise\u00f1o poroso de flujo de aire detr\u00e1s, acolchado grueso y suave de paneles m\u00faltiples. Correa de hombro con tejido de malla de panal, descompresi\u00f3n, NO Acumular\u00e1 Sudor, haga que su uso diario sea m\u00e1s relajada y conveniente. Asa superior acolchada de espuma, llevar por mucho tiempo. La correa de la mochila permite que la maleta se deslice sobre el tubo del asa vertical del equipaje para facilitar el transporte<br \/>\n&#8211; MATERIAL S\u00d3LIDO Y RESISTENTE: El exterior de la mochila impermeable portatil est\u00e1 hecho de material oxford y el interior est\u00e1 hecho de poli\u00e9ster, evita la agua penetraci\u00f3n y los ara\u00f1azos. Las cremalleras de alta calidad no son f\u00e1ciles de romper. Asegure un uso seguro y duradero todos los d\u00edas &amp; fines de semana. Sirvo bien como mochila viaje hombre impermeable, mochila usb hombre trabajo,mochila ordenador portatil de negocios, mochila de gimnasio etc<\/p>\n","protected":false},"excerpt":{"rendered":"<p>MATEIN Mochila Portatil Mochila Hombre Impermeable Mochila Ordenador Portatil 15.6 Pulgadas Mochila Portatil con Puerto USB Mochila Antirrobo del Negocio Trabajo Diario Viaje Escolares &#8211; Negro<br \/>\n#Publicidad<\/p>\n","protected":false},"featured_media":110,"comment_status":"open","ping_status":"closed","template":"","meta":[],"product_cat":[15],"product_tag":[],"class_list":{"0":"post-111","1":"product","2":"type-product","3":"status-publish","4":"has-post-thumbnail","6":"product_cat-sin-categorizar","8":"first","9":"instock","10":"shipping-taxable","11":"product-type-external"},"_links":{"self":[{"href":"https:\/\/viajesymas.com.es\/index.php\/wp-json\/wp\/v2\/product\/111","targetHints":{"allow":["GET"]}}],"collection":[{"href":"https:\/\/viajesymas.com.es\/index.php\/wp-json\/wp\/v2\/product"}],"about":[{"href":"https:\/\/viajesymas.com.es\/index.php\/wp-json\/wp\/v2\/types\/product"}],"replies":[{"embeddable":true,"href":"https:\/\/viajesymas.com.es\/index.php\/wp-json\/wp\/v2\/comments?post=111"}],"wp:featuredmedia":[{"embeddable":true,"href":"https:\/\/viajesymas.com.es\/index.php\/wp-json\/wp\/v2\/media\/110"}],"wp:attachment":[{"href":"https:\/\/viajesymas.com.es\/index.php\/wp-json\/wp\/v2\/media?parent=111"}],"wp:term":[{"taxonomy":"product_cat","embeddable":true,"href":"https:\/\/viajesymas.com.es\/index.php\/wp-json\/wp\/v2\/product_cat?post=111"},{"taxonomy":"product_tag","embeddable":true,"href":"https:\/\/viajesymas.com.es\/index.php\/wp-json\/wp\/v2\/product_tag?post=111"}],"curies":[{"name":"wp","href":"https:\/\/api.w.org\/{rel}","templated":true}]}}